{"id":4052,"date":"2021-06-01T22:36:02","date_gmt":"2021-06-01T22:36:02","guid":{"rendered":"https:\/\/www.missionfrance.fr\/SITEMISSION\/?page_id=4052"},"modified":"2021-06-01T22:37:58","modified_gmt":"2021-06-01T22:37:58","slug":"beatrice","status":"publish","type":"page","link":"https:\/\/www.missionfrance.fr\/SITEMISSION\/beatrice\/","title":{"rendered":"B\u00e9atrice"},"content":{"rendered":"\n<p><span class=\"has-inline-color has-luminous-vivid-orange-color\">MON TEMOIGNAGE BAPTEME<\/span><\/p>\n\n\n\n<p>Je suis n\u00e9e dans une famille catholique, nous allions \u00e0 l\u2019\u00e9glise de temps en temps, mais sans conviction simplement pour le para\u00eetre. A la maison, c\u2019\u00e9tait plut\u00f4t le tumulte et les disputes. J\u2019ai commenc\u00e9 tr\u00e8s jeune \u00e0 prier Dieu pour que cette situation change pour que mes parents cessent de se disputer.<br>Je remarquais que cela changeait, mais je ne faisais pas la relation avec mes pri\u00e8res. J\u2019\u00e9tais encore un peu jeune pour comprendre.<\/p>\n\n\n\n<p>J\u2019ai grandi comme cela, me sentant seule avec le manque d\u2019affection<br>Je sentais un vide en moi.<br>Puis subitement, le d\u00e9c\u00e8s de mon p\u00e8re, \u00e2g\u00e9 de seulement 47ans, m\u2019a mise en col\u00e8re contre Dieu. Pourquoi mon p\u00e8re si jeune \u00e9tait mort ?<\/p>\n\n\n\n<p>J\u2019ai cess\u00e9 de prier, de faire appel \u00e0 son aide, je vivais par mes propres forces je m\u2019\u00e9puisais, j\u2019\u00e9tais perdue.<br>Ma m\u00e8re s\u2019est remarie tr\u00e8s vite, je me sentais tr\u00e8s seule sans avenir.<br>J\u2019ai fait une grosse d\u00e9prime et un long chemin chaotique o\u00f9 je vivais dans le monde avec ses d\u00e9rives \u2026<\/p>\n\n\n\n<p>Par la suite, J\u2019ai rencontr\u00e9 Erwan, le p\u00e8re de mes deux filles Sarah et Marine. Ma vie de couple n\u2019\u00e9tait pas facile, mon mari \u00e9tait malade, alcoolique<br>Je faisais en sorte que personne ne le remarque, j\u2019en avais honte c\u2019\u00e9tait une forme d\u2019orgueil de penser que la situation pouvait changer.<br>J\u2019\u00e9tais dans une routine qui me menait nulle part \u2026. Sans issue.<br>Je m\u2019accrochais et me battais pour ma fille Sarah qui avait 2ans et demi, elle \u00e9tait ma raison de vivre<br>Pendant cette p\u00e9riode, il m\u2019arriva de m\u2019adresser \u00e0 Dieu et lui demander du secours sans vraiment y croire.<\/p>\n\n\n\n<p>Puis un jour enceinte de ma fille Marine, j\u2019ai attrap\u00e9 la l\u00e9gionellose et suis tomb\u00e9e dans le coma pendant 3 mois \u2026Ma vie et celle de ma fille \u00e9taient en danger de mort. C\u2019est alors que j\u2019ai fait une exp\u00e9rience de mort imminente. J\u2019ai vu la salle d\u2019op\u00e9ration, les infirmi\u00e8res, les m\u00e9decins et moi-m\u00eame, je savais que j\u2019allais mourir, mais j\u2019\u00e9tais bien, je voulais rester l\u00e0 dans une esp\u00e8ce de bien-\u00eatre et alors que l\u2019on \u00e9tait en train de me d\u00e9clarer morte.<br>J\u2019ai entendu une voix douce me dire de revenir \u00e0 la vie et de retourner m\u2019occuper de mes filles.<br>C\u2019est alors que j\u2019ai compris que j\u2019allais mourir mais que Dieu me donnait une seconde chance et ne voulait que ni ma fille ni moi ne mourions. Il avait un autre plan pour moi. J\u2019ai pris conscience que c\u2019\u00e9tait un miracle ma fille et moi-m\u00eame \u00e9tions vivantes.<br>J\u2019ai compris que Dieu \u00e9tait intervenu, mais je ne comprenais rien, pourquoi Dieu m\u2019a laiss\u00e9 la vie, (je ne l\u2019ai compris que plus tard) Je me suis sentie comme envahie d\u2019un amour immense\u2026.<br>J\u2019ai compris que c\u2019\u00e9tait lui Mon Seigneur Dieu. Je l\u2019ai remerci\u00e9 pour son intervention mais \u00e0 part, le m\u00e9decin personne ne me croyait. Je ne pouvais en parler \u00e0 personne, je n\u2019avais pas d\u2019\u00e9glise o\u00f9 me ressourcer\u2026<\/p>\n\n\n\n<p>Mais un jour, j\u2019ai rencontr\u00e9 une amie protestante. Cette amie me parlait de l\u2019amour de Dieu, m\u2019envoyait tous les jours des versets d\u2019encouragements des promesses de dieu, notamment celle de :<br>Job 29 12 13 \u00bb c\u2019est que je d\u00e9livrais le malheureux qui appelait \u00e0 l\u2019aide et l\u2019orphelin que personne ne secourait. Le mourant me b\u00e9nissait, je remplissais de joie le c\u0153ur de la veuve \u00bb<\/p>\n\n\n\n<p>Cette s\u0153ur m\u2019a invit\u00e9e \u00e0 un camp d\u2019enfants et c\u2019est lors de ce camp que la trag\u00e9die est arriv\u00e9e, mon mari mit fin \u00e0 ses jours<br>A cet instant j\u2019ai suppli\u00e9 Dieu de m\u2019aider \u00e0 vivre ce drame, j\u2019ai cri\u00e9 a lui de toute mes forces je n\u2019avais plus d\u2019autres choix que de venir \u00e0 lui, sans lui j\u2019allais faire l\u2019irr\u00e9parable.<br>J\u2019ai senti un amour infini m\u2019entourer, une pr\u00e9sence, un r\u00e9confort incommensurable.<\/p>\n\n\n\n<p>Il m\u2019a port\u00e9e, donn\u00e9 la force d\u2019avancer, Il m\u2019a aid\u00e9 \u00e0 vivre pour mes enfants \u00e0 qui je demande pardon pour ce que je leur ai fait vivre<\/p>\n\n\n\n<p>Je Lui ai demand\u00e9 pardon de mon manque d\u2019ob\u00e9issance \u00e0 ses maints appels.<\/p>\n\n\n\n<p>J\u2019ai pu apprendre \u00e0 compter sur Lui, une relation s\u2019est install\u00e9e.<\/p>\n\n\n\n<p>Ensuite, Dieu m\u2019a conduit dans une \u00e9glise dans laquelle le Seigneur a commenc\u00e9 \u00e0 mettre \u00e0 la lumi\u00e8re mes p\u00e9ch\u00e9s et mes iniquit\u00e9s et j\u2019ai compris qu\u2019Il me pardonnait vraiment et Il devenait mon seul et unique Sauveur.<br>J\u2019ai pu voir ma vie transform\u00e9e, mes pens\u00e9es, il m\u2019a d\u00e9livr\u00e9 de la col\u00e8re de l\u2019amertume, la culpabilit\u00e9, la peur, la crainte du lendemain, Il m\u2019a ouvert les yeux sur mes mensonges<\/p>\n\n\n\n<p>J\u2019ai pu voir la main de Dieu me guider jusqu\u2019\u00e0 ce jour certes j\u2019ai encore des combats et des besoins de gu\u00e9rison m\u00eame de d\u00e9livrance, mais avec Son aide et Son intervention je ne crains plus rien.<\/p>\n\n\n\n<p>IL me montre son chemin et je veux le suivre, ne plus faire ma volont\u00e9 mais la sienne.<br>Mon d\u00e9sir est de mieux le conna\u00eetre, d\u2019apprendre \u00e0 mieux comprendre sa parole, \u00e0 la mettre en pratique, d\u2019\u00eatre un phare comme ma s\u0153ur et amie Damaris l\u2019a \u00e9t\u00e9 pour moi afin de pouvoir Le glorifier dans ma vie.<\/p>\n\n\n\n<p>Je veux Le remercier pour toutes ces \u00e9preuves qui m\u2019ont permises de Le voir se manifester par Sa puissance et Sa gloire.<br>D\u2019\u00eatre venu me chercher et c\u2019est une gr\u00e2ce de Le conna\u00eetre.<\/p>\n\n\n\n<p>Depuis toutes ces ann\u00e9es je pensais qu\u2019il fallait \u00eatre parfaite, sans p\u00e9ch\u00e9 pour pouvoir \u00eatre baptis\u00e9e, mais Dieu m\u2019a montr\u00e9 qu\u2019il fallait que je fasse cette alliance avec Lui avant mon mariage.<br>J\u2019ai r\u00e9alis\u00e9 que c\u2019\u00e9tait uniquement par gr\u00e2ce et par amour que je pouvais \u00eatre pardonn\u00e9e et lav\u00e9e.<br>Dieu m\u2019a d\u00e9livr\u00e9e de cette pens\u00e9 qu\u2019il fallait que je sois parfaite, car LUI a accompli l\u2019\u0153uvre parfaite \u00e0 la Croix, pas seulement pour moi mais tous les hommes<\/p>\n\n\n\n<p>C\u2019est pour cela qu\u2019aujourd\u2019hui, je d\u00e9sire me faire baptiser, plonger dans les eaux, laisser ma vieille nature au fond des eaux et devenir une nouvelle cr\u00e9ature remplie de l\u2019Esprit Saint.<\/p>\n\n\n\n<p>Gloire \u00e0 Dieu<\/p>\n","protected":false},"excerpt":{"rendered":"<p>MON TEMOIGNAGE BAPTEME Je suis n\u00e9e dans une famille catholique, nous allions \u00e0 l\u2019\u00e9glise de temps en temps, mais sans conviction simplement pour le para\u00eetre. A la maison, c\u2019\u00e9tait plut\u00f4t le tumulte et les disputes. J\u2019ai commenc\u00e9 tr\u00e8s jeune \u00e0 prier Dieu pour que cette situation change pour que mes parents cessent de se disputer.Je [&hellip;]<\/p>\n","protected":false},"author":1,"featured_media":0,"parent":0,"menu_order":0,"comment_status":"closed","ping_status":"closed","template":"","meta":{"footnotes":""},"class_list":["post-4052","page","type-page","status-publish","hentry","post"],"_links":{"self":[{"href":"https:\/\/www.missionfrance.fr\/SITEMISSION\/wp-json\/wp\/v2\/pages\/4052","targetHints":{"allow":["GET"]}}],"collection":[{"href":"https:\/\/www.missionfrance.fr\/SITEMISSION\/wp-json\/wp\/v2\/pages"}],"about":[{"href":"https:\/\/www.missionfrance.fr\/SITEMISSION\/wp-json\/wp\/v2\/types\/page"}],"author":[{"embeddable":true,"href":"https:\/\/www.missionfrance.fr\/SITEMISSION\/wp-json\/wp\/v2\/users\/1"}],"replies":[{"embeddable":true,"href":"https:\/\/www.missionfrance.fr\/SITEMISSION\/wp-json\/wp\/v2\/comments?post=4052"}],"version-history":[{"count":1,"href":"https:\/\/www.missionfrance.fr\/SITEMISSION\/wp-json\/wp\/v2\/pages\/4052\/revisions"}],"predecessor-version":[{"id":4054,"href":"https:\/\/www.missionfrance.fr\/SITEMISSION\/wp-json\/wp\/v2\/pages\/4052\/revisions\/4054"}],"wp:attachment":[{"href":"https:\/\/www.missionfrance.fr\/SITEMISSION\/wp-json\/wp\/v2\/media?parent=4052"}],"curies":[{"name":"wp","href":"https:\/\/api.w.org\/{rel}","templated":true}]}}