{"id":3967,"date":"2021-05-05T16:38:11","date_gmt":"2021-05-05T16:38:11","guid":{"rendered":"https:\/\/www.missionfrance.fr\/SITEMISSION\/?page_id=3967"},"modified":"2021-05-05T16:51:36","modified_gmt":"2021-05-05T16:51:36","slug":"tiffany","status":"publish","type":"page","link":"https:\/\/www.missionfrance.fr\/SITEMISSION\/tiffany\/","title":{"rendered":"Tiffany"},"content":{"rendered":"\n<p><span class=\"has-inline-color has-luminous-vivid-orange-color\">MON TEMOIGNAGE BAPTEME<\/span><\/p>\n\n\n\n<p>J\u2019ai rencontr\u00e9 Dieu la premi\u00e8re fois au travers d\u2019un songe lorsque j\u2019avais 6 \/7 ans. Mes nuits \u00e9taient tourment\u00e9es par de nombreux cauchemars.<\/p>\n\n\n\n<p>J\u2019avais entendu dire qu\u2019il me fallait prier Dieu pour lui demander qu\u2019il les chasse, c\u2019est donc ce que j\u2019ai fait. La nuit suivante, j\u2019ai song\u00e9 \u00e0 lui. Ce r\u00eave me rappelle aujourd\u2019hui que Dieu est pr\u00e9sent dans ma vie depuis mon enfance.<br>La vie a suivi son cours, j\u2019ai travers\u00e9 des situations tr\u00e8s difficiles, parfois ces situations \u00e9taient volontaires, en effet, je cherchais ce qui pourrait me faire appr\u00e9cier ma vie, alors j\u2019ai test\u00e9 les hommes, oui, je dis bien \u00ab test\u00e9 \u00bb comme pour parler d\u2019un vulgaire v\u00eatement qui nous pla\u00eet sur le moment, mais qui finit dans un coin du placard. Je recherchais l\u2019amour chez eux, sans r\u00e9aliser que c\u2019\u00e9tait les frissons du d\u00e9but qui \u00e9taient sympa \u00e0 vivre mais ensuite leurs baisers n\u2019avaient plus de saveur. Tous ces hommes, tant d\u2019hommes pour en revenir \u00e0 cette m\u00eame conclusion.<br>J\u2019ai essay\u00e9 le cannabis quelques fois sans n\u2019y trouver aucun plaisir, au mieux \u00e7a calme, au pire \u00e7a rend abruti et d\u00e9pourvu de tout sens et de toutes capacit\u00e9s.<br>J\u2019ai fr\u00e9quent\u00e9 plusieurs types de personnes (gothiques, skateurs, punks etc\u2026) mais je me suis toujours sentie incompl\u00e8te, je n\u2019arrivais pas \u00e0 trouver ma place en leur compagnie, j\u2019\u00e9tais appr\u00e9ci\u00e9e et bienvenue mais je continuais pourtant \u00e0 me chercher.<\/p>\n\n\n\n<p>J\u2019ai ensuite cumul\u00e9 plusieurs emplois, dans l\u2019espoir de me poser enfin. J\u2019aimais beaucoup les m\u00e9tiers aupr\u00e8s des personnes \u00e2g\u00e9es et malades car je me sentais utile et fi\u00e8re de leur avoir redonn\u00e9 le sourire (puisque je cachais ma tristesse derri\u00e8re l\u2019humour et le sourire) mais l\u00e0 encore, \u00e7a ne comblait pas le manque que j\u2019avais et dont j\u2019ignorais la provenance, alors je me suis b\u00eatement dit que \u00e7a venait peut-\u00eatre du lieu de vie. J\u2019ai donc d\u00e9m\u00e9nag\u00e9 plusieurs fois, chang\u00e9 de r\u00e9gions sans pour autant me sentir \u00e0 ma place.<br>J\u2019ai eu un enfant que j\u2019aime plus que tout, mais les circonstances dans lesquelles je l\u2019ai port\u00e9 dans mon ventre \u00e9taient chaotiques. Ca venait certainement du fait qu\u2019une fois encore j\u2019avais fait le mauvais choix, \u00e9tant perdue ne sachant pas ce que je m\u00e9ritais.<\/p>\n\n\n\n<p>Etant en situation de danger, je me suis donc retrouv\u00e9e \u00e0 \u00e9lever seule mon enfant. Depuis lui, j\u2019ai toujours souhait\u00e9 \u00eatre stable, alors j\u2019ai commenc\u00e9 \u00e0 changer d\u2019un point de vue ext\u00e9rieur. Je me suis stabilis\u00e9e, car je ne voulais pas que mon enfant h\u00e9rite du m\u00eame sort que mes fr\u00e8res et moi \u00e0 cause de nos parents ; cependant, malgr\u00e9 tous mes efforts pour \u00eatre quelqu\u2019un de droit, ma vie manquait de passion, de joie et de rep\u00e8res.<br>Entre temps Dieu me pr\u00e9parait le chemin, il a toujours \u00e9t\u00e9 pr\u00e9sent dans ma vie. Il nous a sortis mes fr\u00e8res et moi de la violence et l\u2019abandon des parents, il m\u2019a \u00e9vit\u00e9 de finir dans les rues, il a sauv\u00e9 mon enfant alors que son \u00e9tat \u00e9tait critique dans mon ventre, il nous a sauv\u00e9 mon fils et moi de la violence conjugale et tant d\u2019autres situations et pourtant j\u2019\u00e9tais trop occup\u00e9e et obstin\u00e9e \u00e0 voir les probl\u00e8mes dans lesquels j\u2019\u00e9tais ; en effet, j\u2019\u00e9tais trop sourde pour r\u00e9pondre \u00e0 l\u2019appel de notre Seigneur, pour \u00eatre attentive \u00e0 sa pr\u00e9sence et \u00e0 son amour, pourtant je priais quelques fois, je savais qu\u2019il \u00e9tait l\u00e0, qu\u2019il \u00e9tait existant mais je ne comprenais pas encore sa valeur.<br>J\u2019ai donc rencontr\u00e9 un homme dont je suis tomb\u00e9 tr\u00e8s amoureuse, le seul pour qui j\u2019\u00e9tais tomb\u00e9 en amour, pourquoi tomb\u00e9 ? Je vous explique.<\/p>\n\n\n\n<p>Pour cet homme j\u2019ai accept\u00e9 d\u2019\u00eatre une ma\u00eetresse et donc de tomber dans l\u2019adult\u00e8re, J\u2019ai accept\u00e9 d\u2019avorter, J\u2019ai accept\u00e9 de passer en dernier, d\u2019\u00eatre r\u00e9duite \u00e0 ce que cet homme voulait que je sois. Je suis devenue tout ce que je d\u00e9testais, une femme de col\u00e8re, de jalousie, de vengeance, une femme triste. Je n\u2019arrivais plus \u00e0 m\u2019estimer, je me demandais quel genre de femme je pouvais \u00eatre au travers des yeux de mon fils.<br>Je me disais est ce que plus tard je souhaiterais que mon fil rencontre une femme comme moi ?<br>Je m\u2019appliquais \u00e0 \u00eatre une bonne maman mais ma vie de femme \u00e9tait d\u00e9truite.<\/p>\n\n\n\n<p>Durant cette relation, je recommen\u00e7ais \u00e0 fr\u00e9quenter l\u2019\u00e9glise quelques fois. J\u2019allais chercher un r\u00e9confort, une pr\u00e9sence dans l\u2019\u00e9preuve mais mon amour pour cet homme \u00e9tait plus fort que ma foi. Jusqu\u2019au jour o\u00f9 je suis tomb\u00e9e \u00e0 genoux et J\u2019ai suppli\u00e9 Dieu de m\u2019aider ; L\u2019\u00e9glise entre temps priait pour moi.<br>Durant le confinement, j\u2019ai commenc\u00e9 \u00e0 me demander ce que j\u2019avais bien pu vouloir chercher dans le monde et au-travers de cet homme.<br>Je me suis remise \u00e0 me confier en Dieu et suite \u00e0 mes pri\u00e8res, mes pens\u00e9es n\u2019\u00e9taient plus les m\u00eames. Dieu m\u2019int\u00e9ressait de plus en plus, mes envies devenaient diff\u00e9rentes, je comprenais que, ce que le monde et cet homme avaient \u00e0 m\u2019offrir n\u2019\u00e9taient qu\u2019\u00e9ph\u00e9m\u00e8res. Je pouvais trouver une satisfaction ponctuelle, mais jamais permanente.<br>Suite \u00e0 ses remises en question, je suis tomb\u00e9e dans une forte d\u00e9pression, j\u2019ai vu ma vie d\u00e9filer, les nombreux choix qui m\u2019avaient men\u00e9e \u00e0 ma descente aux enfers. Ne voyant pas d\u2019issue, j\u2019ai, une nouvelle fois demand\u00e9 \u00e0 notre Seigneur de me sortir de cette situation. J\u2019avais un enfant, il me fallait remonter la pente.<br>Je voulais \u00eatre enfin heureuse. Je voulais pouvoir un jour expliquer \u00e0 mon fils, dans ses mauvais jours, pourquoi il \u00e9tait bon de vivre. Je voulais lui inspirer la paix, l\u2019amour et la joie que je n\u2019avais jamais ressentis. Comment donc, \u00e9tait-il possible de lui faire conna\u00eetre ses sentiments, si moi-m\u00eame je ne savais pas ce que tout \u00e7a voulait dire ?<br>Cette question m\u2019a donc rapproch\u00e9e du pasteur et de l\u2019\u00e9glise, puis un jour, j\u2019ai demand\u00e9 \u00e0 Dieu de me secouer, de me dire ce que je devais faire pour \u00eatre heureuse, pour le suivre, car mon esprit commen\u00e7ait \u00e0 vouloir faire sa volont\u00e9, \u00e0 vouloir plaire \u00e0 ses yeux. J\u2019avais enfin un but, une envie, une d\u00e9termination, vouloir plaire \u00e0 Dieu et comprendre comment il pourrait me rendre heureuse, lui, ma derni\u00e8re issue.<br>J\u2019ai donc compris qu\u2019il fallait que mon oui soit oui, que je prenne position et que si je voulais conna\u00eetre Dieu, son royaume et donc, tout le bonheur qu\u2019il nous r\u00e9serve \u00e0 mon fils et moi- m\u00eame, il me fallait quitter le monde et donc quitter aussi mon compagnon qui m\u2019influen\u00e7ait et m\u2019attirait dans ce m\u00eame monde.<\/p>\n\n\n\n<p>J\u2019ai fini par le faire avec beaucoup de pleurs et de tristesse mais suite \u00e0 cela, j\u2019ai pass\u00e9 le temps que j\u2019avais \u00e0 me confier \u00e0 Dieu, \u00e0 \u00eatre plus intime avec lui, \u00e0 \u00eatre plus curieuse, plus investie, \u00e0 lui demander de m\u2019aider \u00e0 traverser cette \u00e9preuve, de m\u2019aider \u00e0 pardonner, \u00e0 me pardonner \u00e0 moi-m\u00eame, mais surtout \u00e0 lui demander \u00e0 lui de me pardonner, car j\u2019avais p\u00e9ch\u00e9 contre Lui.<br>Il avait assist\u00e9 \u00e0 ma descente aux enfers et Il \u00e9tait venu me chercher plusieurs fois pour m\u2019\u00e9viter des situations catastrophiques, mais je ne faisais pas attention \u00e0 lui.<br>Suite \u00e0 cela, j\u2019ai r\u00e9alis\u00e9 ce que j\u2019avais \u00e9t\u00e9 et ce que je devenais depuis Dieu. Je reprenais de la force, du courage, je reprenais go\u00fbt \u00e0 la vie, mais par-dessus tout je m\u2019int\u00e9ressais \u00e0 la parole de Dieu, j\u2019\u00e9tais d\u00e9termin\u00e9e \u00e0 lui plaire. Suite \u00e0 cela, il a chang\u00e9 mon c\u0153ur, ma nature, mes comportements.<br>En voyant tout ce que Dieu faisait pour moi, je me suis rendue compte de la valeur que j\u2019avais pour lui, je me suis rendue compte de la grandeur de son amour et j\u2019ai pos\u00e9 une nouvelle fois les genoux \u00e0 terre en le remerciant de me faire enfin d\u00e9couvrir ce qu\u2019est vraiment le sentiment d\u2019aimer selon sa volont\u00e9. J\u2019ai enfin re\u00e7u ce que je cherchais depuis toujours\u2026l\u2019amour et la joie.<br>Gr\u00e2ce \u00e0 lui, j\u2019ai compris que tout ce que le monde avait \u00e0 m\u2019offrir perdait de sa saveur au fil du temps, mais que Dieu lui seul pouvait faire de mes journ\u00e9es un renouvellement permanent.<\/p>\n\n\n\n<p>LETTRE A DIEU<\/p>\n\n\n\n<p>Alors aujourd\u2019hui, par ce bapt\u00eame, Seigneur, mon p\u00e8re, je veux t\u2019adresser toute ma d\u00e9votion, toute mon ob\u00e9issance, je veux te montrer tout mon amour.<br>Aujourd\u2019hui par ce bapt\u00eame je prends position, j\u2019accepte de te suivre, de t\u2019\u00eatre fid\u00e8le, de faire ta volont\u00e9.<br>Aujourd\u2019hui je n\u2019ai pas honte de dire que tu fais partie de moi, de ma vie. Tu as fait de moi une femme nouvelle qui me plait et qui plait \u00e0 tes yeux.<br>Tu me donnes de l\u2019assurance, tu me rends belle, tu me fais gr\u00e2ce de ton amour, de ta paix, tu m\u2019as d\u00e9livr\u00e9 de la col\u00e8re, de la d\u00e9pression, de la culpabilit\u00e9, de la lamentation, de la honte, du pessimisme, de la tristesse, des peurs injustifi\u00e9es mais aussi de l\u2019adult\u00e8re.<br>Sois lou\u00e9 pour les sentiers que tu aplanis pour moi, sois lou\u00e9 mon p\u00e8re pour la force que tu me donnes de ne pas c\u00e9der \u00e0 la tentation, pour la sagesse que tu me donne de rester humble et juste, sois lou\u00e9 Seigneur, pour ce courage que tu me donne de faire ta volont\u00e9 et de te glorifier, malgr\u00e9 les critiques et les regards du monde.<br>Merci Seigneur de me secourir, d\u2019\u00eatre aussi doux mais aussi de me corriger comme un bon p\u00e8re corrige ses enfants par amour.<br>Merci d\u2019avoir insist\u00e9 pour venir me chercher et d\u2019avoir \u00e9t\u00e9 patient, car je sais comme je peux \u00eatre bien t\u00eatue, born\u00e9e, rebelle parfois aussi, mais tu ne m\u2019as jamais laiss\u00e9 tomber et j\u2019imagine bien le combat que tu as men\u00e9 pour m\u2019appeler \u00e0 toi.<br>Merci d\u2019\u00eatre venu me chercher car c\u2019est un privil\u00e8ge, une fiert\u00e9 aujourd\u2019hui de te servir.<br>Seigneur, mon Dieu, j\u2019\u00e9tais perdue, tu m\u2019as ramen\u00e9e \u00e0 toi, j\u2019\u00e9tais morte au-dedans de moi, tu m\u2019as rendue la vie.<br>J\u2019ai longtemps cherch\u00e9 ce qui manquait \u00e0 ma vie, ce qui pourrait me combler, j\u2019ai longtemps cherch\u00e9 derri\u00e8re les passions, les hommes, les traditions du monde et tout ce parcours de<br>K.O pour comprendre qu\u2019en fait\u2026Ta gr\u00e2ce \u00e0 elle seule me suffit.<br>J\u2019aurais certainement d\u2019autres combats \u00e0 mener, mais je sais aujourd\u2019hui pour quelles raisons il me faudra les vivre et je sais qu\u2019avec Toi \u00e0 mes c\u00f4t\u00e9s, ces combats me m\u00e8neront \u00e0 la victoire.<\/p>\n","protected":false},"excerpt":{"rendered":"<p>MON TEMOIGNAGE BAPTEME J\u2019ai rencontr\u00e9 Dieu la premi\u00e8re fois au travers d\u2019un songe lorsque j\u2019avais 6 \/7 ans. Mes nuits \u00e9taient tourment\u00e9es par de nombreux cauchemars. J\u2019avais entendu dire qu\u2019il me fallait prier Dieu pour lui demander qu\u2019il les chasse, c\u2019est donc ce que j\u2019ai fait. La nuit suivante, j\u2019ai song\u00e9 \u00e0 lui. Ce r\u00eave [&hellip;]<\/p>\n","protected":false},"author":1,"featured_media":0,"parent":0,"menu_order":0,"comment_status":"closed","ping_status":"closed","template":"","meta":{"footnotes":""},"class_list":["post-3967","page","type-page","status-publish","hentry","post"],"_links":{"self":[{"href":"https:\/\/www.missionfrance.fr\/SITEMISSION\/wp-json\/wp\/v2\/pages\/3967","targetHints":{"allow":["GET"]}}],"collection":[{"href":"https:\/\/www.missionfrance.fr\/SITEMISSION\/wp-json\/wp\/v2\/pages"}],"about":[{"href":"https:\/\/www.missionfrance.fr\/SITEMISSION\/wp-json\/wp\/v2\/types\/page"}],"author":[{"embeddable":true,"href":"https:\/\/www.missionfrance.fr\/SITEMISSION\/wp-json\/wp\/v2\/users\/1"}],"replies":[{"embeddable":true,"href":"https:\/\/www.missionfrance.fr\/SITEMISSION\/wp-json\/wp\/v2\/comments?post=3967"}],"version-history":[{"count":1,"href":"https:\/\/www.missionfrance.fr\/SITEMISSION\/wp-json\/wp\/v2\/pages\/3967\/revisions"}],"predecessor-version":[{"id":3969,"href":"https:\/\/www.missionfrance.fr\/SITEMISSION\/wp-json\/wp\/v2\/pages\/3967\/revisions\/3969"}],"wp:attachment":[{"href":"https:\/\/www.missionfrance.fr\/SITEMISSION\/wp-json\/wp\/v2\/media?parent=3967"}],"curies":[{"name":"wp","href":"https:\/\/api.w.org\/{rel}","templated":true}]}}