{"id":3963,"date":"2021-05-04T16:42:56","date_gmt":"2021-05-04T16:42:56","guid":{"rendered":"https:\/\/www.missionfrance.fr\/SITEMISSION\/?page_id=3963"},"modified":"2021-05-04T16:43:52","modified_gmt":"2021-05-04T16:43:52","slug":"apres-la-confession-le-pardon","status":"publish","type":"page","link":"https:\/\/www.missionfrance.fr\/SITEMISSION\/apres-la-confession-le-pardon\/","title":{"rendered":"Apr\u00e8s la confession le pardon"},"content":{"rendered":"\n<p><span style=\"color:#0074a5\" class=\"has-inline-color\"><strong>1 Jean 1 : 9<br>Si nous confessons nos p\u00e9ch\u00e9s, il est fid\u00e8le et juste pour nous les pardonner, et pour nous purifier de toute iniquit\u00e9.<\/strong><\/span><\/p>\n\n\n\n<p><span class=\"has-inline-color has-vivid-red-color\"><strong>Ce qu\u2019il faut faire quand nous avons p\u00e9ch\u00e9.<\/strong><\/span><br>o Reconna\u00eetre que nous avons p\u00e9ch\u00e9,<br>o Se repentir de notre p\u00e9ch\u00e9,<br>o Demandez pardon \u00e0 Dieu Le P\u00e8re \u00e0 travers le sang du Seigneur J\u00e9sus-Christ vers\u00e9 \u00e0 la croix,<br><span class=\"has-inline-color has-vivid-red-color\"><strong>o Croire et accepter Son pardon.<\/strong><\/span><\/p>\n\n\n\n<p>Par le sang de Christ qui a \u00e9t\u00e9 vers\u00e9 pour moi, je suis :<br>Pardonn\u00e9<br>D\u00e9livr\u00e9 de mes p\u00e9ch\u00e9s,<br>Justifi\u00e9,<br>Lav\u00e9 et purifi\u00e9,<br>Sanctifi\u00e9, donc mis \u00e0 part pour Dieu.<\/p>\n\n\n\n<p>\u00c9tant r\u00e9concili\u00e9 avec Dieu, Dieu n\u2019est plus en col\u00e8re contre moi. J\u2019ai acc\u00e8s \u00e0 Sa pr\u00e9sence.<\/p>\n\n\n\n<p><span class=\"has-inline-color has-luminous-vivid-orange-color\">H\u00e9breux 9:14<\/span><br>14 combien plus le sang de Christ, qui par l\u2019Esprit \u00e9ternel s\u2019est offert lui-m\u00eame sans tache \u00e0 Dieu, purifiera-t-il votre conscience des \u0153uvres mortes, pour servir le Dieu vivant !<\/p>\n\n\n\n<p><span class=\"has-inline-color has-luminous-vivid-orange-color\">1 Jean 1 : 7<\/span><br>7 Mais si nous marchons dans la lumi\u00e8re, comme il est lui-m\u00eame dans la lumi\u00e8re, nous avons communion les uns avec les autres, et le sang de J\u00e9sus, son Fils, nous purifie de tout p\u00e9ch\u00e9.<\/p>\n\n\n\n<p><span class=\"has-inline-color has-vivid-red-color\"><strong>Nous avons deux adversaires qui nous condamnent : le diable et le moi (notre c\u0153ur).<\/strong><\/span><br>Mais par Sa pr\u00e9sence en nous, Dieu atteste que nous sommes de lui et Il nous donne l\u2019assurance d\u2019une pleine victoire, puisque Lui, qui est en nous, est plus grand, plus puissant que le prince de ce monde ou que notre c\u0153ur.<\/p>\n\n\n\n<p><span class=\"has-inline-color has-luminous-vivid-orange-color\">1 Jean 4 :4<\/span><br>4 Mes petits enfants, vous l\u2019avez vaincu, vous qui \u00eates de Dieu\u202f; parce que celui qui est en vous, est plus grand que celui qui est dans le monde.<\/p>\n\n\n\n<p><span class=\"has-inline-color has-luminous-vivid-orange-color\">1 Jean 3 :20<\/span><br>20 parce que, si notre c\u0153ur nous condamne, Dieu est plus grand que notre c\u0153ur; il conna\u00eet tout.<\/p>\n\n\n\n<p>Dieu \u00e9tant avec nous, qui peut donc se pr\u00e9senter pour nous atteindre, pour plaidoyer contre nous ? Personne n\u2019est au-dessus de Dieu qui nous permet d\u2019\u00eatre en son fils J\u00e9sus-Christ<\/p>\n\n\n\n<p><span class=\"has-inline-color has-luminous-vivid-orange-color\">Romains 8 :1<\/span><br>Il n\u2019y a donc maintenant aucune condamnation pour ceux qui sont en J\u00e9sus-Christ.<\/p>\n\n\n\n<p>Dieu est notre justice et cette justice s\u2019obtient par la foi en Christ qui est mort \u00e0 notre place pour nos p\u00e9ch\u00e9s.<\/p>\n\n\n\n<p><span class=\"has-inline-color has-luminous-vivid-orange-color\">J\u00e9r\u00e9mie 23 :6<\/span><br>Dans ses jours, Juda sera sauv\u00e9, Isra\u00ebl habitera en assurance, et voici le nom dont on l\u2019appellera : l\u2019\u00c9ternel notre justice.<\/p>\n\n\n\n<p><span class=\"has-inline-color has-luminous-vivid-orange-color\">Romain 1 : 17<\/span><br>17 car en lui se r\u00e9v\u00e8le une justice de Dieu par la foi pour la foi, selon qu\u2019il est \u00e9crit : Le juste vivra par la foi.<\/p>\n\n\n\n<p><span class=\"has-inline-color has-luminous-vivid-orange-color\">Philippiens 3 :9<\/span><br>Et que je sois trouv\u00e9 en lui, ayant, non point ma justice, celle qui vient de la loi, mais celle qui s\u2019obtient par la foi en Christ, la justice de Dieu par la foi ;<\/p>\n\n\n\n<p>Qui peut nous condamner ou nous accuser puisque c\u2019est Dieu qui nous a justifi\u00e9 ? Personne n\u2019est au-dessus des jugements de Dieu. Sa justice est parfaite, donc il n\u2019y a pas de faille o\u00f9 l\u2019adversit\u00e9 (mon moi ou l\u2019ennemi) peut s\u2019introduire.<\/p>\n\n\n\n<p><span class=\"has-inline-color has-luminous-vivid-orange-color\">Romain 8 : 31-34<\/span><br>31 Que dirons-nous donc \u00e0 ce propos ? Si Dieu est pour nous, qui sera contre nous ?<br>32 Lui qui n\u2019a point \u00e9pargn\u00e9 son propre Fils, mais l\u2019a livr\u00e9 pour nous tous, comment ne nous donnerait-il pas aussi gratuitement toutes choses avec lui ?<br>33 Qui intentera une accusation contre les \u00e9lus de Dieu ? Dieu est celui qui justifie !<br>34 Qui condamnera ? J\u00e9sus-Christ est celui qui est mort, bien plus, qui est ressuscit\u00e9, qui aussi est \u00e0 la droite de Dieu, qui aussi interc\u00e8de pour nous !<\/p>\n\n\n\n<p>Nous avons un avocat aupr\u00e8s du P\u00e8re qui peut compatir \u00e0 nos faiblesses, puisqu\u2019il a \u00e9t\u00e9 dans la m\u00eame condition que nous.<\/p>\n\n\n\n<p><span class=\"has-inline-color has-luminous-vivid-orange-color\">1 Jean 2 :1<\/span><br>1 Mes petits enfants, je vous \u00e9cris ces choses, afin que vous ne p\u00e9chiez point. Et si quelqu\u2019un a p\u00e9ch\u00e9, nous avons un avocat aupr\u00e8s du P\u00e8re, J\u00e9sus-Christ le Juste.<\/p>\n\n\n\n<p>Quand Dieu efface, dissipe nos transgressions et p\u00e9ch\u00e9s, Il les jette dans les gouffres de la mer et derri\u00e8re Lui.<br>Nos p\u00e9ch\u00e9s ne sont plus, ils n\u2019existent plus.<\/p>\n\n\n\n<p><span class=\"has-inline-color has-luminous-vivid-orange-color\">Esa\u00efe 44 :22<\/span><br>22 J\u2019ai effac\u00e9 comme un nuage \u00e9pais tes transgressions, et comme une nu\u00e9e tes p\u00e9ch\u00e9s : reviens \u00e0 moi, car je t\u2019ai rachet\u00e9.<\/p>\n\n\n\n<p><span class=\"has-inline-color has-luminous-vivid-orange-color\">Esa\u00efe 43 :25<\/span><br>25 C\u2019est moi, c\u2019est moi qui efface tes transgressions \u00e0 cause de moi-m\u00eame ; et je ne me souviendrai pas de tes p\u00e9ch\u00e9s.<\/p>\n\n\n\n<p><span class=\"has-inline-color has-luminous-vivid-orange-color\">J\u00e9r\u00e9mie 31 :34<\/span><br>34 Chacun d\u2019eux n\u2019enseignera plus son prochain, ni chacun son fr\u00e8re, en disant : Connaissez l\u2019\u00c9ternel ! car ils me conna\u00eetront tous, depuis le plus petit d\u2019entre eux jusqu\u2019au plus grand, dit l\u2019\u00c9ternel ; car je pardonnerai leur iniquit\u00e9, et je ne me souviendrai plus de leur p\u00e9ch\u00e9.<\/p>\n\n\n\n<p><span class=\"has-inline-color has-luminous-vivid-orange-color\">Mich\u00e9 7 :19<\/span><br>19 Il aura de nouveau compassion de nous ; il mettra sous ses pieds nos iniquit\u00e9s ; tu jetteras dans les gouffres de la mer tous leurs p\u00e9ch\u00e9s.<\/p>\n\n\n\n<p><span class=\"has-inline-color has-luminous-vivid-orange-color\">Esa\u00efe 38 :17<\/span><br>17 Voici, ma grande amertume est chang\u00e9e en prosp\u00e9rit\u00e9 ; tu as retir\u00e9 mon \u00e2me de la fosse de destruction ; car tu as jet\u00e9 tous mes p\u00e9ch\u00e9s derri\u00e8re ton dos.<\/p>\n\n\n\n<p>Nous n\u2019avons plus \u00e0 nous culpabiliser sur ce que nous avons d\u00e9j\u00e0 confess\u00e9 car nous avons d\u00e9j\u00e0 re\u00e7u le pardon complet. Si Dieu ne garde plus le souvenir de mes p\u00e9ch\u00e9s quels qu\u2019ils soient, quelles raisons valables avons nous pour les ressasser et nous condamner sans arr\u00eat ?<\/p>\n\n\n\n<p>Les choses anciennes sont pass\u00e9es, \u00e9tant une nouvelle cr\u00e9ature l\u2019ancienne n\u2019est plus.<\/p>\n\n\n\n<p><span class=\"has-inline-color has-luminous-vivid-orange-color\">Esa\u00efe 43 :18<\/span><br>43 Ne vous souvenez plus des choses anciennes, et ne consid\u00e9rez plus les choses d\u2019autrefois.<\/p>\n\n\n\n<p><span class=\"has-inline-color has-luminous-vivid-orange-color\">2 Corinthiens 5 :17<\/span><br>17 Si donc quelqu\u2019un est en Christ, il est une nouvelle cr\u00e9ature. Les choses anciennes sont pass\u00e9es ; voici, toutes choses sont devenues nouvelles.<\/p>\n\n\n\n<p><span class=\"has-inline-color has-vivid-red-color\"><strong>Je peux donc marcher dans la victoire. Poussons des cris de joie et des chants de triomphe.<\/strong><\/span><\/p>\n\n\n\n<p><span class=\"has-inline-color has-luminous-vivid-orange-color\">1 Corinthiens 15 :57<\/span><br>57 Rendons gr\u00e2ce \u00e0 Dieu qui nous a donn\u00e9 la victoire par notre Seigneur J\u00e9sus-Christ.<\/p>\n\n\n\n<p><span class=\"has-inline-color has-luminous-vivid-orange-color\">Psaumes 118 :15<\/span><br>15 \u00c9coutez ! dans les tentes des justes retentissent des cris de joie et des chants de triomphe : La droite de l\u2019\u00c9ternel a montr\u00e9 sa puissance.<\/p>\n\n\n\n<p><span class=\"has-inline-color has-luminous-vivid-orange-color\">Deut\u00e9ronome 20 : 3-4<\/span><br>3 et il leur dira : \u00c9coute, Isra\u00ebl ! Vous vous pr\u00e9parez \u00e0 combattre vos ennemis. Que votre c\u0153ur ne faiblisse point ; ne craignez point, ne tremblez point et ne soyez point terrifi\u00e9s par eux, 4 car l\u2019\u00c9ternel votre Dieu marche avec vous pour combattre pour vous contre vos ennemis, afin de vous d\u00e9livrer.<\/p>\n","protected":false},"excerpt":{"rendered":"<p>1 Jean 1 : 9Si nous confessons nos p\u00e9ch\u00e9s, il est fid\u00e8le et juste pour nous les pardonner, et pour nous purifier de toute iniquit\u00e9. Ce qu\u2019il faut faire quand nous avons p\u00e9ch\u00e9.o Reconna\u00eetre que nous avons p\u00e9ch\u00e9,o Se repentir de notre p\u00e9ch\u00e9,o Demandez pardon \u00e0 Dieu Le P\u00e8re \u00e0 travers le sang du Seigneur [&hellip;]<\/p>\n","protected":false},"author":1,"featured_media":0,"parent":0,"menu_order":0,"comment_status":"closed","ping_status":"closed","template":"","meta":{"footnotes":""},"class_list":["post-3963","page","type-page","status-publish","hentry","post"],"_links":{"self":[{"href":"https:\/\/www.missionfrance.fr\/SITEMISSION\/wp-json\/wp\/v2\/pages\/3963","targetHints":{"allow":["GET"]}}],"collection":[{"href":"https:\/\/www.missionfrance.fr\/SITEMISSION\/wp-json\/wp\/v2\/pages"}],"about":[{"href":"https:\/\/www.missionfrance.fr\/SITEMISSION\/wp-json\/wp\/v2\/types\/page"}],"author":[{"embeddable":true,"href":"https:\/\/www.missionfrance.fr\/SITEMISSION\/wp-json\/wp\/v2\/users\/1"}],"replies":[{"embeddable":true,"href":"https:\/\/www.missionfrance.fr\/SITEMISSION\/wp-json\/wp\/v2\/comments?post=3963"}],"version-history":[{"count":1,"href":"https:\/\/www.missionfrance.fr\/SITEMISSION\/wp-json\/wp\/v2\/pages\/3963\/revisions"}],"predecessor-version":[{"id":3965,"href":"https:\/\/www.missionfrance.fr\/SITEMISSION\/wp-json\/wp\/v2\/pages\/3963\/revisions\/3965"}],"wp:attachment":[{"href":"https:\/\/www.missionfrance.fr\/SITEMISSION\/wp-json\/wp\/v2\/media?parent=3963"}],"curies":[{"name":"wp","href":"https:\/\/api.w.org\/{rel}","templated":true}]}}