{"id":3946,"date":"2021-05-04T15:54:19","date_gmt":"2021-05-04T15:54:19","guid":{"rendered":"https:\/\/www.missionfrance.fr\/SITEMISSION\/?page_id=3946"},"modified":"2021-05-04T16:04:28","modified_gmt":"2021-05-04T16:04:28","slug":"relation-en-dehors-du-mariage","status":"publish","type":"page","link":"https:\/\/www.missionfrance.fr\/SITEMISSION\/relation-en-dehors-du-mariage\/","title":{"rendered":"Relation en dehors du mariage"},"content":{"rendered":"\n<p><span style=\"color:#0070a0\" class=\"has-inline-color\">Impudicit\u00e9 :Fornication, adult\u00e8re, infid\u00e9lit\u00e9 impudicit\u00e9, prostitution, relation sexuelle illicite : adult\u00e8re, fornication, homosexualit\u00e9, m\u0153urs d\u2019une lesbienne, relation avec des animaux, relation sexuelle avec un ou une divorc\u00e9e, relation sexuelle avec un proche parent.<\/span><\/p>\n\n\n\n<p>Avoir des rapports intimes avant le mariage (fornication), c\u2019est un p\u00e9ch\u00e9.<\/p>\n\n\n\n<p>Dieu veut que les rapports intimes entre hommes et femmes aient lieu dans le cadre du mariage. Pas en dehors.<\/p>\n\n\n\n<p>Se pr\u00e9server de l\u2019impudicit\u00e9, c\u2019est honorer Dieu. C\u2019est une mani\u00e8re de rendre t\u00e9moignage de la gloire de Dieu, au monde \u00e0 travers notre corps qui appartient \u00e0 Dieu.<\/p>\n\n\n\n<p>Vivre en concubinage outrage Dieu et constitue une d\u00e9sob\u00e9issance \u00e0 l&rsquo;ordre du Dieu cr\u00e9ateur. Rappelons que l&rsquo;institution du mariage a \u00e9t\u00e9 donn\u00e9e comme image de l&rsquo;union spirituelle du Christ avec l&rsquo;\u00c9glise.<\/p>\n\n\n\n<p><span class=\"has-inline-color has-luminous-vivid-orange-color\">1 Corinthiens 6 :18-20<\/span><br>18 Fuyez l\u2019impudicit\u00e9. Quelque p\u00e9ch\u00e9 que l\u2019homme commette, il est hors du corps ; mais celui qui commet l\u2019impudicit\u00e9 p\u00e8che contre son propre corps.<br>19 Ou ne savez-vous pas que votre corps est le temple du Saint-Esprit, qui est en vous, lequel vous avez re\u00e7u de Dieu, et que vous n\u2019\u00eates point \u00e0 vous-m\u00eames ?<br>20 Car vous avez \u00e9t\u00e9 rachet\u00e9s \u00e0 un grand prix ; glorifiez donc Dieu dans votre corps.<\/p>\n\n\n\n<p><span class=\"has-inline-color has-luminous-vivid-orange-color\">2 Corinthiens 12 : 21<\/span><br>21 et qu\u2019\u00e9tant retourn\u00e9 vers vous, mon Dieu ne m\u2019humilie, et que je ne sois dans le deuil au sujet de plusieurs qui, ayant p\u00e9ch\u00e9 ci-devant, ne se sont point repentis de l\u2019impuret\u00e9, de la fornication et de l\u2019impudicit\u00e9 qu\u2019ils ont commise.<\/p>\n\n\n\n<p><span class=\"has-inline-color has-luminous-vivid-orange-color\">Galates 5 :19-21<\/span><br>19 Or les \u0153uvres de la chair sont manifestes, savoir : l\u2019impudicit\u00e9, l\u2019impuret\u00e9, la dissolution,<br>20 l\u2019idol\u00e2trie, la magie, les inimiti\u00e9s, les querelles, les jalousies, les animosit\u00e9s, les disputes, les divisions, les sectes,<br>21 les envies, les meurtres, l\u2019ivrognerie, les d\u00e9bauches, et les choses semblables \u00e0 celles-l\u00e0, dont je vous pr\u00e9dis, comme je vous l\u2019ai d\u00e9j\u00e0 dit, que ceux qui commettent de telles choses n\u2019h\u00e9riteront point le royaume de Dieu.<\/p>\n\n\n\n<p><span class=\"has-inline-color has-luminous-vivid-orange-color\">Eph\u00e9siens 5 :3<\/span><br>3 Que ni l\u2019impudicit\u00e9, ni aucune impuret\u00e9, ou l\u2019avarice, ne soient m\u00eame nomm\u00e9es parmi vous, comme il convient \u00e0 des saints,<\/p>\n\n\n\n<p><span class=\"has-inline-color has-luminous-vivid-orange-color\">Colosiens 3 : 5-7<\/span><br>5 Faites donc mourir vos membres qui sont sur la terre : l\u2019impudicit\u00e9, la souillure, la passion, la mauvaise convoitise, et l\u2019avarice, qui est une idol\u00e2trie.<br>6 C\u2019est pour ces choses que la col\u00e8re de Dieu vient sur les fils de la r\u00e9bellion,<br>7 dans lesquelles vous aussi avez march\u00e9 autrefois, lorsque vous y viviez.<\/p>\n\n\n\n<p><span class=\"has-inline-color has-luminous-vivid-orange-color\">1 Thessaloniciens 4 : 3-5<\/span><br>3 Car ce que Dieu veut, c\u2019est votre sanctification ; c\u2019est que vous vous absteniez de l\u2019impudicit\u00e9 ;<br>4 que chacun de vous sache poss\u00e9der son propre corps dans la saintet\u00e9 et dans l\u2019honneur,<br>5 non en passion de convoitise comme les pa\u00efens qui ne connaissent point Dieu ;<\/p>\n","protected":false},"excerpt":{"rendered":"<p>Impudicit\u00e9 :Fornication, adult\u00e8re, infid\u00e9lit\u00e9 impudicit\u00e9, prostitution, relation sexuelle illicite : adult\u00e8re, fornication, homosexualit\u00e9, m\u0153urs d\u2019une lesbienne, relation avec des animaux, relation sexuelle avec un ou une divorc\u00e9e, relation sexuelle avec un proche parent. Avoir des rapports intimes avant le mariage (fornication), c\u2019est un p\u00e9ch\u00e9. Dieu veut que les rapports intimes entre hommes et femmes aient [&hellip;]<\/p>\n","protected":false},"author":1,"featured_media":0,"parent":0,"menu_order":0,"comment_status":"closed","ping_status":"closed","template":"","meta":{"footnotes":""},"class_list":["post-3946","page","type-page","status-publish","hentry","post"],"_links":{"self":[{"href":"https:\/\/www.missionfrance.fr\/SITEMISSION\/wp-json\/wp\/v2\/pages\/3946","targetHints":{"allow":["GET"]}}],"collection":[{"href":"https:\/\/www.missionfrance.fr\/SITEMISSION\/wp-json\/wp\/v2\/pages"}],"about":[{"href":"https:\/\/www.missionfrance.fr\/SITEMISSION\/wp-json\/wp\/v2\/types\/page"}],"author":[{"embeddable":true,"href":"https:\/\/www.missionfrance.fr\/SITEMISSION\/wp-json\/wp\/v2\/users\/1"}],"replies":[{"embeddable":true,"href":"https:\/\/www.missionfrance.fr\/SITEMISSION\/wp-json\/wp\/v2\/comments?post=3946"}],"version-history":[{"count":3,"href":"https:\/\/www.missionfrance.fr\/SITEMISSION\/wp-json\/wp\/v2\/pages\/3946\/revisions"}],"predecessor-version":[{"id":3954,"href":"https:\/\/www.missionfrance.fr\/SITEMISSION\/wp-json\/wp\/v2\/pages\/3946\/revisions\/3954"}],"wp:attachment":[{"href":"https:\/\/www.missionfrance.fr\/SITEMISSION\/wp-json\/wp\/v2\/media?parent=3946"}],"curies":[{"name":"wp","href":"https:\/\/api.w.org\/{rel}","templated":true}]}}