{"id":3940,"date":"2021-05-04T15:50:37","date_gmt":"2021-05-04T15:50:37","guid":{"rendered":"https:\/\/www.missionfrance.fr\/SITEMISSION\/?page_id=3940"},"modified":"2021-05-04T16:12:51","modified_gmt":"2021-05-04T16:12:51","slug":"le-mariage-avec-un-inconverti","status":"publish","type":"page","link":"https:\/\/www.missionfrance.fr\/SITEMISSION\/le-mariage-avec-un-inconverti\/","title":{"rendered":"Le mariage avec un inconverti"},"content":{"rendered":"\n<p><span style=\"color:#0273a4\" class=\"has-inline-color\">La Parole de Dieu nous dit clairement que nous ne devrions pas nous associer \u00e0 quelqu&rsquo;un qui est en dehors du Royaume de Dieu. Lorsqu&rsquo;on s&rsquo;associe \u00e0 quelqu&rsquo;un qui n&rsquo;est pas n\u00e9 de nouveau, c&rsquo;est litt\u00e9ralement s&rsquo;exposer \u00e0 des difficult\u00e9s qui ne sont pas n\u00e9cessaires pour notre vie. Se marier avec une personne qui ne partage pas les m\u00eames valeurs que vous provoquera assur\u00e9ment des difficult\u00e9s.<\/span><\/p>\n\n\n\n<p><span class=\"has-inline-color has-luminous-vivid-orange-color\">Gen\u00e8se 24 :3<\/span><br>3 Et je te ferai jurer par l\u2019\u00c9ternel, le Dieu des cieux, et le Dieu de la terre, que tu ne prendras point de femme pour mon fils, d\u2019entre les filles des Canan\u00e9ens, parmi lesquels j\u2019habite.<\/p>\n\n\n\n<p><span class=\"has-inline-color has-luminous-vivid-orange-color\">Gen\u00e8se 27 :46<\/span><br>Rebecca dit \u00e0 Isaac : Je suis d\u00e9go\u00fbt\u00e9e de la vie \u00e0 cause de nos belles-filles hittites. Si Jacob prend une femme comme celles-ci parmi les Hittites, parmi les filles du pays, \u00e0 quoi me sert la vie ?<\/p>\n\n\n\n<p><span class=\"has-inline-color has-luminous-vivid-orange-color\">Deut\u00e9ronome 7 :3<\/span><br>Tu ne t\u2019allieras point par mariage avec eux ; tu ne donneras point tes filles \u00e0 leurs fils, et tu ne prendras point leurs filles pour tes fils.<\/p>\n\n\n\n<p><span class=\"has-inline-color has-luminous-vivid-orange-color\">1 Rois 11 :2<\/span><br>2 appartenant aux nations dont le Seigneur avait dit aux enfants d\u2019Isra\u00ebl : Vous n\u2019en prendrez point les femmes, et vos filles n\u2019en \u00e9pouseront point les hommes ; car ils (elles) vous pervertiront tr\u00e8s certainement le c\u0153ur, pour vous faire adorer leurs dieux. Salomon s\u2019attacha donc \u00e0 ces femmes avec une passion tr\u00e8s ardente ;<\/p>\n\n\n\n<p><span class=\"has-inline-color has-luminous-vivid-orange-color\">Esdras 9 :2<\/span><br>2 Car ils ont pris de leurs filles, et les ont \u00e9pous\u00e9es. Ils ont donn\u00e9 aussi de ces filles \u00e0 leurs fils, et ils ont m\u00eal\u00e9 la race sainte avec les nations\u202f: et les chefs des familles et les magistrats sont entr\u00e9s les premiers dans ce violement de la loi.<\/p>\n\n\n\n<p><span class=\"has-inline-color has-luminous-vivid-orange-color\">1 Corinthiens 7 :16<\/span><br>16 Car que savez-vous, \u00f4 femme, si vous sauveriez votre mari\u202f? Et que savez-vous aussi, \u00f4 mari, si vous sauveriez votre femme\u202f?<\/p>\n\n\n\n<p><span class=\"has-inline-color has-luminous-vivid-orange-color\">1 Corinthiens 7 : 39<\/span><br>39 La femme est li\u00e9e tout le temps que son mari vit ; mais si son mari est mort, elle est libre de se marier \u00e0 qui elle veut ; seulement, que ce soit dans le Seigneur ;<\/p>\n\n\n\n<p><span class=\"has-inline-color has-luminous-vivid-orange-color\">2 Corinthiens 6 :14<\/span><br>Ne vous accouplez point avec les infid\u00e8les: car quelle participation y a-t-il de la justice avec l\u2019iniquit\u00e9: et quelle communication y a-t-il de la lumi\u00e8re avec les t\u00e9n\u00e8bres?<\/p>\n\n\n\n<p><span class=\"has-inline-color has-luminous-vivid-orange-color\">Actes 19 :18<\/span><br>18 Plusieurs de ceux qui \u00e9taient devenus croyants venaient confesser et reconna\u00eetre leurs pratiques.<\/p>\n\n\n\n<p><span class=\"has-inline-color has-luminous-vivid-orange-color\">Jacques 5 :16<\/span><br>16 Confessez vos fautes les uns aux autres, et priez les uns pour les autres, afin que vous soyez gu\u00e9ris ; car la pri\u00e8re fervente du juste a une grande efficace.<\/p>\n","protected":false},"excerpt":{"rendered":"<p>La Parole de Dieu nous dit clairement que nous ne devrions pas nous associer \u00e0 quelqu&rsquo;un qui est en dehors du Royaume de Dieu. Lorsqu&rsquo;on s&rsquo;associe \u00e0 quelqu&rsquo;un qui n&rsquo;est pas n\u00e9 de nouveau, c&rsquo;est litt\u00e9ralement s&rsquo;exposer \u00e0 des difficult\u00e9s qui ne sont pas n\u00e9cessaires pour notre vie. Se marier avec une personne qui ne [&hellip;]<\/p>\n","protected":false},"author":1,"featured_media":0,"parent":0,"menu_order":0,"comment_status":"closed","ping_status":"closed","template":"","meta":{"footnotes":""},"class_list":["post-3940","page","type-page","status-publish","hentry","post"],"_links":{"self":[{"href":"https:\/\/www.missionfrance.fr\/SITEMISSION\/wp-json\/wp\/v2\/pages\/3940","targetHints":{"allow":["GET"]}}],"collection":[{"href":"https:\/\/www.missionfrance.fr\/SITEMISSION\/wp-json\/wp\/v2\/pages"}],"about":[{"href":"https:\/\/www.missionfrance.fr\/SITEMISSION\/wp-json\/wp\/v2\/types\/page"}],"author":[{"embeddable":true,"href":"https:\/\/www.missionfrance.fr\/SITEMISSION\/wp-json\/wp\/v2\/users\/1"}],"replies":[{"embeddable":true,"href":"https:\/\/www.missionfrance.fr\/SITEMISSION\/wp-json\/wp\/v2\/comments?post=3940"}],"version-history":[{"count":2,"href":"https:\/\/www.missionfrance.fr\/SITEMISSION\/wp-json\/wp\/v2\/pages\/3940\/revisions"}],"predecessor-version":[{"id":3957,"href":"https:\/\/www.missionfrance.fr\/SITEMISSION\/wp-json\/wp\/v2\/pages\/3940\/revisions\/3957"}],"wp:attachment":[{"href":"https:\/\/www.missionfrance.fr\/SITEMISSION\/wp-json\/wp\/v2\/media?parent=3940"}],"curies":[{"name":"wp","href":"https:\/\/api.w.org\/{rel}","templated":true}]}}