{"id":3934,"date":"2021-05-04T15:42:36","date_gmt":"2021-05-04T15:42:36","guid":{"rendered":"https:\/\/www.missionfrance.fr\/SITEMISSION\/?page_id=3934"},"modified":"2021-05-04T16:24:15","modified_gmt":"2021-05-04T16:24:15","slug":"le-divorce-et-le-remariage","status":"publish","type":"page","link":"https:\/\/www.missionfrance.fr\/SITEMISSION\/le-divorce-et-le-remariage\/","title":{"rendered":"Le divorce et le remariage"},"content":{"rendered":"\n<ol class=\"wp-block-list\" type=\"1\"><li><span style=\"color:#0373a4\" class=\"has-inline-color\"><strong>Est il permit de r\u00e9pudier sa femme ou son homme pour quelque raison que ce soit\u00a0?<\/strong><\/span><\/li><li><span style=\"color:#0373a4\" class=\"has-inline-color\"><strong>Peut-elle ou il se remarier\u00a0?<\/strong><\/span><\/li><\/ol>\n\n\n\n<p><span class=\"has-inline-color has-luminous-vivid-orange-color\">L\u00e9vitique 20:10<\/span><br>Si un homme commet un adult\u00e8re avec une femme mari\u00e9e, s\u2019il commet un adult\u00e8re avec la femme de son prochain, l\u2019homme et la femme adult\u00e8res seront punis de mort.<\/p>\n\n\n\n<p><span class=\"has-inline-color has-luminous-vivid-orange-color\">Matthieu 5 :27-28<\/span><br>27 Vous avez entendu qu\u2019il a \u00e9t\u00e9 dit : Tu ne commettras point adult\u00e8re. 28 Mais moi, je vous dis que quiconque regarde une femme pour la convoiter, a d\u00e9j\u00e0 commis adult\u00e8re avec elle dans son c\u0153ur.<\/p>\n\n\n\n<p><span style=\"color:#006e9d\" class=\"has-inline-color\">Peut on divorcer ou r\u00e9pudier pour quelque raison que ce soit ?<\/span><br>Non<br>L\u2019argument est fond\u00e9 sur l\u2019originel, Dieu n\u2019a pas cr\u00e9\u00e9 un homme et deux femmes ou deux hommes et une femme.<br>Le couple cr\u00e9\u00e9 par Dieu doit rester uni<br>L\u2019homme et la femme doivent quitter ceux et celles qui ont \u00e9t\u00e9 des instruments pour leurs \u00e9ducations, leurs identit\u00e9s et leurs maturit\u00e9s pour former une unit\u00e9 pour pouvoir cro\u00eetre et multiplier.<\/p>\n\n\n\n<p>Quand Dieu a uni l\u2019homme et la femme, cela lui appartient et personne ne se donne un droit quelconque de le s\u00e9parer ou le diviser, c\u2019est se positionner \u00e0 la place de Dieu et l\u00e0, dans ce contexte, on est de ceux qui sont adversaires et rebelles.<\/p>\n\n\n\n<p>Pourquoi Mo\u00efse a-t-il permis cela ? C\u2019est \u00e0 cause du p\u00each\u00e9 et de la duret\u00e9 de notre c\u0153ur, l\u2019originel est le fondement sur lequel nous devons nous appuyer pour notre marche et notre sanctification.<br>L\u2019enseignement de Christ, Parole vivante qui a fa\u00e7onn\u00e9e toutes choses et par qui toutes choses existent. La Parole pr\u00e9vaut sur la permissivit\u00e9 de Mo\u00efse.<br><span class=\"has-inline-color has-luminous-vivid-orange-color\">Luc 16 : 17-18<\/span><br>17 Mais il est plus ais\u00e9 que le ciel et la terre passent, qu\u2019il ne l\u2019est qu\u2019un seul trait de lettre de la loi tombe.<br>18 Quiconque r\u00e9pudie sa femme et en \u00e9pouse une autre commet adult\u00e8re ; et celui qui \u00e9pouse une femme qui a \u00e9t\u00e9 r\u00e9pudi\u00e9e par son mari, commet adult\u00e8re.<\/p>\n\n\n\n<p>Et celui qui veut se d\u00e9solidariser des Paroles de Christ<br><span class=\"has-inline-color has-luminous-vivid-orange-color\">Matthieu 19 :10<\/span><br>10 Ses disciples lui dirent : Si telle est la condition de l\u2019homme \u00e0 l\u2019\u00e9gard de la femme, il n\u2019est pas avantageux de se marier.,<br>Qu\u2019il se fasse eunuque<br><span class=\"has-inline-color has-luminous-vivid-orange-color\">Matthieu 19 :12<\/span><\/p>\n\n\n\n<p><span style=\"color:#0071a1\" class=\"has-inline-color\">La premi\u00e8re possibilit\u00e9 de divorce pour un homme ou une femme se trouve dans l\u2019\u00e9vangile de :<\/span><br><span class=\"has-inline-color has-luminous-vivid-orange-color\">Matthieu 19 :9<\/span><br>9 Mais je vous dis que quiconque r\u00e9pudie sa femme, si ce n\u2019est pour cause de fornication, et en \u00e9pouse une autre, commet adult\u00e8re ; et que celui qui \u00e9pouse une femme r\u00e9pudi\u00e9e, commet adult\u00e8re.<br>L\u2019homme ou la femme qui r\u00e9pudie et qui \u00e9pouse commet l\u2019adult\u00e8re, mais aussi l\u2019homme ou ma femme r\u00e9pudi\u00e9 qui se remarie commet un adult\u00e8re.<\/p>\n\n\n\n<p>L\u2019\u00e9vangile de Marc pr\u00e9cise que l\u2019homme et la femme peuvent r\u00e9pudier :<br><span class=\"has-inline-color has-luminous-vivid-orange-color\">Marc 10 :11-12<\/span><br>11 Et il leur dit : Quiconque r\u00e9pudie sa femme, et en \u00e9pouse une autre, commet adult\u00e8re \u00e0 son \u00e9gard. 12 Et si la femme elle-m\u00eame, apr\u00e8s avoir r\u00e9pudi\u00e9 son mari, en \u00e9pouse un autre, elle commet adult\u00e8re.<\/p>\n\n\n\n<p>J\u00e9sus Le Christ dit sauf pour raison de fornication, d\u2019adult\u00e8re, infid\u00e9lit\u00e9\u2026<br>Fornication, adult\u00e8re, infid\u00e9lit\u00e9 impudicit\u00e9, prostitution, relation sexuelle illicite : adult\u00e8re, fornication, homosexualit\u00e9, m\u0153urs d\u2019une lesbienne, relation avec des animaux, relation sexuelle avec un ou une divorc\u00e9e, relation sexuelle avec un proche parent (L\u00e9vitique 18).<\/p>\n\n\n\n<p><span style=\"color:#0072a3\" class=\"has-inline-color\">Deuxi\u00e8me possibilit\u00e9 se trouve dans<\/span><br><span class=\"has-inline-color has-luminous-vivid-orange-color\">Romains 7 : 1-3<\/span><br>1 Ou bien ignorez-vous, fr\u00e8res (car je parle \u00e0 des gens qui connaissent la loi), que la loi exerce son pouvoir sur l\u2019homme aussi longtemps qu\u2019il vit ?<br>2 Car la femme mari\u00e9e est li\u00e9e par la loi \u00e0 son mari vivant ; mais si le mari meurt, elle est affranchie de la loi du mari.<br>3 Ainsi donc elle sera appel\u00e9e adult\u00e8re si, du vivant de son mari elle se donne \u00e0 un autre homme ; mais si le mari meurt, elle est lib\u00e9r\u00e9e de cette loi pour n\u2019\u00eatre point adult\u00e8re si elle se donne \u00e0 un autre homme.<br>Le veuf ou la veuve peut se remarier<\/p>\n\n\n\n<p><span style=\"color:#0073a5\" class=\"has-inline-color\">Troisi\u00e8me possibilit\u00e9 se trouve dans :<\/span><br><span class=\"has-inline-color has-luminous-vivid-orange-color\">1 Corinthiens 7 :10-16<\/span><br>10 Quant \u00e0 ceux qui sont mari\u00e9s, je leur commande, non pas moi, mais le Seigneur, que la femme ne se s\u00e9pare point de son mari<br>11 (et si elle en est s\u00e9par\u00e9e, qu\u2019elle demeure sans se marier, ou qu\u2019elle se r\u00e9concilie avec son mari), et que le mari ne renvoie point sa femme.<br>12 Mais aux autres je leur dis, moi, et non le Seigneur : Si un fr\u00e8re a une femme incr\u00e9dule, et qu\u2019elle consente \u00e0 habiter avec lui, qu\u2019il ne la renvoie point ;<br>13 et la femme qui a un mari incr\u00e9dule, s\u2019il consent \u00e0 habiter avec elle, qu\u2019elle ne renvoie point son mari.<br>14 Car le mari incr\u00e9dule est sanctifi\u00e9 par la femme, et la femme incr\u00e9dule est sanctifi\u00e9e par le fr\u00e8re ; autrement vos enfants seraient impurs, mais maintenant ils sont saints.<br>15 Que si l\u2019incr\u00e9dule se s\u00e9pare, qu\u2019il se s\u00e9pare ; car le fr\u00e8re ou la s\u0153ur ne sont plus asservis en ce cas ; mais Dieu nous a appel\u00e9s \u00e0 la paix.<br>16 Car que sais-tu, femme, si tu sauveras ton mari ? Ou que sais-tu, mari, si tu sauveras ta femme ?<\/p>\n\n\n\n<p><span style=\"color:#0071a1\" class=\"has-inline-color\">La deuxi\u00e8me question est :<br>Peut-elle\/il se remarier ?<\/span><br>Oui<\/p>\n\n\n\n<p>Le Christ parle de remariage apr\u00e8s avoir divorc\u00e9 sans raison valable ce qui provoque un adult\u00e8re. On peut donc en d\u00e9duire que si la personne qui a commis la fornication ne peut se remarier, en revanche, celle qui a subi cette infid\u00e9lit\u00e9 peut se remarier sans commettre d\u2019adult\u00e8re.<br><span class=\"has-inline-color has-luminous-vivid-orange-color\">Matthieu 19 :9<\/span><br>9 Mais je vous dis que quiconque r\u00e9pudie sa femme, si ce n\u2019est pour cause de fornication, et en \u00e9pouse une autre, commet adult\u00e8re ; et que celui qui \u00e9pouse une femme r\u00e9pudi\u00e9e, commet adult\u00e8re.<\/p>\n\n\n\n<p>L\u2019une des deux personnes meure, la restante (veuf ou veuve) peut se remarier sans commettre d\u2019adult\u00e8re<br><span class=\"has-inline-color has-luminous-vivid-orange-color\">Romains 7 : 3b<\/span><br>Mais si le mari meurt, elle est lib\u00e9r\u00e9e de cette loi pour n\u2019\u00eatre point adult\u00e8re si elle se donne \u00e0 un autre homme.<\/p>\n\n\n\n<p><span class=\"has-inline-color has-luminous-vivid-orange-color\">1 Corinthiens 15a<\/span><br>15 Que si l\u2019incr\u00e9dule se s\u00e9pare, qu\u2019il se s\u00e9pare ; car le fr\u00e8re ou la s\u0153ur ne sont plus asservis en ce cas<br>Le fr\u00e8re et la s\u0153ur ne sont plus asservis, li\u00e9s, assujettis, esclaves pour cette raison elle est libre.<\/p>\n\n\n\n<p><span class=\"has-inline-color has-luminous-vivid-orange-color\">Gen\u00e8se 2 :18<\/span><br>18 Et l\u2019\u00c9ternel Dieu dit : Il n\u2019est pas bon que l\u2019homme soit seul ; je lui ferai une aide qui soit sa pareille.<br><span class=\"has-inline-color has-luminous-vivid-orange-color\">1 Corinthiens 7 :9<\/span><br>9 mais s\u2019ils ne sont pas continents, qu\u2019ils se marient ; car il vaut mieux se marier que de br\u00fbler.<\/p>\n\n\n\n<p><strong>VERSETS BIBLIQUES<\/strong><br><span class=\"has-inline-color has-luminous-vivid-orange-color\">Matthieu 19 :3-12<\/span><br>3 Alors des pharisiens s\u2019approch\u00e8rent de lui pour le tenter et dirent : Est-il permis de r\u00e9pudier sa femme pour quelque sujet que ce soit ?<br>4 Mais lui, r\u00e9pondant, leur dit : N\u2019avez-vous pas lu que Celui qui les cr\u00e9a les fit d\u00e8s le commencement homme et femme,<br>5 et qu\u2019il dit : \u00c0 cause de cela, l\u2019homme quittera son p\u00e8re et sa m\u00e8re, et s\u2019attachera \u00e0 sa femme, et les deux deviendront une seule chair ?<br>6 Ainsi ils ne sont plus deux, mais une seule chair. Ce donc que Dieu a uni, que l\u2019homme ne le s\u00e9pare point.<br>7 Ils lui disent : Pourquoi donc Mo\u00efse a-t-il command\u00e9 de donner \u00e0 la femme une lettre de divorce, et de la r\u00e9pudier ?<br>8 Il leur dit : C\u2019est \u00e0 cause de la duret\u00e9 de votre c\u0153ur que Mo\u00efse vous a permis de r\u00e9pudier vos femmes ; mais il n\u2019en \u00e9tait pas ainsi d\u00e8s le commencement.<br>9 Mais je vous dis que quiconque r\u00e9pudie sa femme, si ce n\u2019est pour cause de fornication, et en \u00e9pouse une autre, commet adult\u00e8re ; et que celui qui \u00e9pouse une femme r\u00e9pudi\u00e9e, commet adult\u00e8re.<br>10 Ses disciples lui dirent : Si telle est la condition de l\u2019homme \u00e0 l\u2019\u00e9gard de la femme, il n\u2019est pas avantageux de se marier.<br>11 Mais il leur dit : Tous ne comprennent pas cette parole, mais ceux-l\u00e0 seulement \u00e0 qui cela est donn\u00e9.<br>12 Car il y a des eunuques qui sont n\u00e9s tels d\u00e8s le sein de leur m\u00e8re ; il y en a qui ont \u00e9t\u00e9 faits eunuques par les hommes ; et il y en a qui se sont faits eunuques eux-m\u00eames pour le royaume des cieux. Que celui qui est capable de comprendre, comprenne.<\/p>\n\n\n\n<p><span class=\"has-inline-color has-luminous-vivid-orange-color\">Marc 10 :2-12<\/span><br>2 Et des pharisiens s\u2019\u00e9tant approch\u00e9s, lui demandaient, pour le tenter : Est-il permis \u00e0 un homme de r\u00e9pudier sa femme ?<br>3 Mais lui, r\u00e9pondant, leur dit : Qu\u2019est-ce que Mo\u00efse vous a command\u00e9 ?<br>4 Ils dirent : Mo\u00efse a permis d\u2019\u00e9crire une lettre de divorce, et de r\u00e9pudier.<br>5 Et J\u00e9sus, r\u00e9pondant, leur dit : C\u2019est \u00e0 cause de la duret\u00e9 de votre c\u0153ur qu\u2019il a \u00e9crit pour vous ce commandement.<br>6 Mais au commencement de la cr\u00e9ation, Dieu les fit homme et femme.<br>7 \u00c0 cause de cela, l\u2019homme quittera son p\u00e8re et sa m\u00e8re, et s\u2019attachera \u00e0 sa femme ;<br>8 et les deux deviendront une seule chair ; ainsi ils ne sont plus deux, mais une seule chair.<br>9 Ce donc que Dieu a uni, que l\u2019homme ne le s\u00e9pare point.<br>10 Et arriv\u00e9s \u00e0 la maison, les disciples l\u2019interrog\u00e8rent encore sur ce sujet.<br>11 Et il leur dit : Quiconque r\u00e9pudie sa femme, et en \u00e9pouse une autre, commet adult\u00e8re \u00e0 son \u00e9gard.<br>12 Et si la femme elle-m\u00eame, apr\u00e8s avoir r\u00e9pudi\u00e9 son mari, en \u00e9pouse un autre, elle commet adult\u00e8re.<\/p>\n\n\n\n<p><span class=\"has-inline-color has-luminous-vivid-orange-color\">Luc 16 :17-18<\/span><br>17 Mais il est plus ais\u00e9 que le ciel et la terre passent, qu\u2019il ne l\u2019est qu\u2019un seul trait de lettre de la loi tombe. 18 Quiconque r\u00e9pudie sa femme et en \u00e9pouse une autre commet adult\u00e8re ; et celui qui \u00e9pouse une femme qui a \u00e9t\u00e9 r\u00e9pudi\u00e9e par son mari, commet adult\u00e8re.<\/p>\n\n\n\n<p><span class=\"has-inline-color has-luminous-vivid-orange-color\">Romains 7 : 1-3<\/span><br>1 Ou bien ignorez-vous, fr\u00e8res (car je parle \u00e0 des gens qui connaissent la loi), que la loi exerce son pouvoir sur l\u2019homme aussi longtemps qu\u2019il vit ?<br>2 Car la femme mari\u00e9e est li\u00e9e par la loi \u00e0 son mari vivant ; mais si le mari meurt, elle est affranchie de la loi du mari.<br>3 Ainsi donc elle sera appel\u00e9e adult\u00e8re si, du vivant de son mari elle se donne \u00e0 un autre homme ; mais si le mari meurt, elle est lib\u00e9r\u00e9e de cette loi pour n\u2019\u00eatre point adult\u00e8re si elle se donne \u00e0 un autre homme.<\/p>\n\n\n\n<p><span class=\"has-inline-color has-luminous-vivid-orange-color\">1 Corinthiens 7 :10-16<\/span><br>10 Quant \u00e0 ceux qui sont mari\u00e9s, je leur commande, non pas moi, mais le Seigneur, que la femme ne se s\u00e9pare point de son mari<br>11 (et si elle en est s\u00e9par\u00e9e, qu\u2019elle demeure sans se marier, ou qu\u2019elle se r\u00e9concilie avec son mari), et que le mari ne renvoie point sa femme.<br>12 Mais aux autres je leur dis, moi, et non le Seigneur : Si un fr\u00e8re a une femme incr\u00e9dule, et qu\u2019elle consente \u00e0 habiter avec lui, qu\u2019il ne la renvoie point ;<br>13 et la femme qui a un mari incr\u00e9dule, s\u2019il consent \u00e0 habiter avec elle, qu\u2019elle ne renvoie point son mari.<br>14 Car le mari incr\u00e9dule est sanctifi\u00e9 par la femme, et la femme incr\u00e9dule est sanctifi\u00e9e par le fr\u00e8re ; autrement vos enfants seraient impurs, mais maintenant ils sont saints.<br>15 Que si l\u2019incr\u00e9dule se s\u00e9pare, qu\u2019il se s\u00e9pare ; car le fr\u00e8re ou la s\u0153ur ne sont plus asservis en ce cas ; mais Dieu nous a appel\u00e9s \u00e0 la paix.<br>16 Car que sais-tu, femme, si tu sauveras ton mari ? Ou que sais-tu, mari, si tu sauveras ta femme ?<\/p>\n","protected":false},"excerpt":{"rendered":"<p>Est il permit de r\u00e9pudier sa femme ou son homme pour quelque raison que ce soit\u00a0? Peut-elle ou il se remarier\u00a0? L\u00e9vitique 20:10Si un homme commet un adult\u00e8re avec une femme mari\u00e9e, s\u2019il commet un adult\u00e8re avec la femme de son prochain, l\u2019homme et la femme adult\u00e8res seront punis de mort. Matthieu 5 :27-2827 Vous [&hellip;]<\/p>\n","protected":false},"author":1,"featured_media":0,"parent":0,"menu_order":0,"comment_status":"closed","ping_status":"closed","template":"","meta":{"footnotes":""},"class_list":["post-3934","page","type-page","status-publish","hentry","post"],"_links":{"self":[{"href":"https:\/\/www.missionfrance.fr\/SITEMISSION\/wp-json\/wp\/v2\/pages\/3934","targetHints":{"allow":["GET"]}}],"collection":[{"href":"https:\/\/www.missionfrance.fr\/SITEMISSION\/wp-json\/wp\/v2\/pages"}],"about":[{"href":"https:\/\/www.missionfrance.fr\/SITEMISSION\/wp-json\/wp\/v2\/types\/page"}],"author":[{"embeddable":true,"href":"https:\/\/www.missionfrance.fr\/SITEMISSION\/wp-json\/wp\/v2\/users\/1"}],"replies":[{"embeddable":true,"href":"https:\/\/www.missionfrance.fr\/SITEMISSION\/wp-json\/wp\/v2\/comments?post=3934"}],"version-history":[{"count":2,"href":"https:\/\/www.missionfrance.fr\/SITEMISSION\/wp-json\/wp\/v2\/pages\/3934\/revisions"}],"predecessor-version":[{"id":3959,"href":"https:\/\/www.missionfrance.fr\/SITEMISSION\/wp-json\/wp\/v2\/pages\/3934\/revisions\/3959"}],"wp:attachment":[{"href":"https:\/\/www.missionfrance.fr\/SITEMISSION\/wp-json\/wp\/v2\/media?parent=3934"}],"curies":[{"name":"wp","href":"https:\/\/api.w.org\/{rel}","templated":true}]}}