{"id":3923,"date":"2021-05-04T13:48:50","date_gmt":"2021-05-04T13:48:50","guid":{"rendered":"https:\/\/www.missionfrance.fr\/SITEMISSION\/?page_id=3923"},"modified":"2021-05-04T16:05:43","modified_gmt":"2021-05-04T16:05:43","slug":"les-moyens-de-contraception-toleres-et-acceptes","status":"publish","type":"page","link":"https:\/\/www.missionfrance.fr\/SITEMISSION\/les-moyens-de-contraception-toleres-et-acceptes\/","title":{"rendered":"Les moyens de contraception tol\u00e9r\u00e9s et accept\u00e9s"},"content":{"rendered":"\n<p><span style=\"color:#006f9f\" class=\"has-inline-color\">Tous les moyens de contraception indiqu\u00e9s en rouge sont \u00e0 proscrire, car emp\u00eachent la nidation de l\u2019\u0153uf. Qui dit \u0153uf, dit vie, et on ne touche pas \u00e0 la vie. Cela \u00e9quivaut \u00e0 un avortement ce qui donne droit \u00e0 un esprit de mort qui sera r\u00e9clam\u00e9 ensuite sur votre vie.<\/span><\/p>\n\n\n\n<p>Avant la f\u00e9condation, ovule et spermatozo\u00efdes ne sont pas des \u00eatres humains. Ce sont des demi-cellules, avec seulement 23 chromosomes, incapables de se reproduire.<\/p>\n\n\n\n<p>Apr\u00e8s la f\u00e9condation, le zygote (c&rsquo;est-\u00e0-dire, l\u2019\u0153uf f\u00e9cond\u00e9, r\u00e9sultat de l\u2019union d\u2019un ovule et d\u2019un spermatozo\u00efde) constitue un \u00eatre vivant \u00e0 part enti\u00e8re.<\/p>\n\n\n\n<p>C\u2019est appel\u00e9 conception ou f\u00e9condation = \u0153uf. La pilule emp\u00eache la conception, le st\u00e9rilet emp\u00eache la nidation et donc ne permet pas \u00e0 une vie d\u00e9j\u00e0 cr\u00e9\u00e9e d\u2019\u00e9voluer jusqu\u2019\u00e0 son terme&#8230;.<\/p>\n\n\n\n<p><span class=\"has-inline-color has-luminous-vivid-orange-color\">Ci-apr\u00e8s la liste non exhaustive des diff\u00e9rents moyens de contraception<\/span><\/p>\n\n\n\n<figure class=\"wp-block-image size-large is-resized\"><img loading=\"lazy\" decoding=\"async\" src=\"https:\/\/www.missionfrance.fr\/SITEMISSION\/wp-content\/uploads\/2021\/05\/Capture-de\u0301cran-2021-05-04-a\u0300-16.06.11.png\" alt=\"\" class=\"wp-image-3931\" width=\"708\" height=\"985\" srcset=\"https:\/\/www.missionfrance.fr\/SITEMISSION\/wp-content\/uploads\/2021\/05\/Capture-de\u0301cran-2021-05-04-a\u0300-16.06.11.png 1416w, https:\/\/www.missionfrance.fr\/SITEMISSION\/wp-content\/uploads\/2021\/05\/Capture-de\u0301cran-2021-05-04-a\u0300-16.06.11-768x1068.png 768w, https:\/\/www.missionfrance.fr\/SITEMISSION\/wp-content\/uploads\/2021\/05\/Capture-de\u0301cran-2021-05-04-a\u0300-16.06.11-1104x1536.png 1104w\" sizes=\"auto, (max-width: 708px) 100vw, 708px\" \/><\/figure>\n","protected":false},"excerpt":{"rendered":"<p>Tous les moyens de contraception indiqu\u00e9s en rouge sont \u00e0 proscrire, car emp\u00eachent la nidation de l\u2019\u0153uf. Qui dit \u0153uf, dit vie, et on ne touche pas \u00e0 la vie. Cela \u00e9quivaut \u00e0 un avortement ce qui donne droit \u00e0 un esprit de mort qui sera r\u00e9clam\u00e9 ensuite sur votre vie. Avant la f\u00e9condation, ovule [&hellip;]<\/p>\n","protected":false},"author":1,"featured_media":0,"parent":0,"menu_order":0,"comment_status":"closed","ping_status":"closed","template":"","meta":{"footnotes":""},"class_list":["post-3923","page","type-page","status-publish","hentry","post"],"_links":{"self":[{"href":"https:\/\/www.missionfrance.fr\/SITEMISSION\/wp-json\/wp\/v2\/pages\/3923","targetHints":{"allow":["GET"]}}],"collection":[{"href":"https:\/\/www.missionfrance.fr\/SITEMISSION\/wp-json\/wp\/v2\/pages"}],"about":[{"href":"https:\/\/www.missionfrance.fr\/SITEMISSION\/wp-json\/wp\/v2\/types\/page"}],"author":[{"embeddable":true,"href":"https:\/\/www.missionfrance.fr\/SITEMISSION\/wp-json\/wp\/v2\/users\/1"}],"replies":[{"embeddable":true,"href":"https:\/\/www.missionfrance.fr\/SITEMISSION\/wp-json\/wp\/v2\/comments?post=3923"}],"version-history":[{"count":4,"href":"https:\/\/www.missionfrance.fr\/SITEMISSION\/wp-json\/wp\/v2\/pages\/3923\/revisions"}],"predecessor-version":[{"id":3955,"href":"https:\/\/www.missionfrance.fr\/SITEMISSION\/wp-json\/wp\/v2\/pages\/3923\/revisions\/3955"}],"wp:attachment":[{"href":"https:\/\/www.missionfrance.fr\/SITEMISSION\/wp-json\/wp\/v2\/media?parent=3923"}],"curies":[{"name":"wp","href":"https:\/\/api.w.org\/{rel}","templated":true}]}}