{"id":3585,"date":"2021-01-21T10:55:08","date_gmt":"2021-01-21T10:55:08","guid":{"rendered":"https:\/\/www.missionfrance.fr\/SITEMISSION\/?page_id=3585"},"modified":"2021-05-04T16:43:29","modified_gmt":"2021-05-04T16:43:29","slug":"enseignements-2","status":"publish","type":"page","link":"https:\/\/www.missionfrance.fr\/SITEMISSION\/enseignements-2\/","title":{"rendered":"Enseignements"},"content":{"rendered":"\n<h3 class=\"wp-block-heading\"><a href=\"https:\/\/www.missionfrance.fr\/SITEMISSION\/la-resurrection\/\">La r\u00e9surrection<\/a><\/h3>\n\n\n\n<p>La r\u00e9surrection de J\u00e9sus est \u00e0 la base du christianisme. En effet, Paul dans sa lettre aux Corinthiens affirme au chapitre 15 que si la r\u00e9surrection n\u2019a pas eu lieu, la pr\u00e9dication et la foi sont vaines (1 Co 15:14). Mais pour quelles raisons la foi chr\u00e9tienne pourrait-elle s\u2019effondrer sur la non-v\u00e9racit\u00e9 d\u2019un miracle (non le moindre) ?<\/p>\n\n\n\n<h3 class=\"wp-block-heading\"><a href=\"https:\/\/www.missionfrance.fr\/SITEMISSION\/toutestaccompli-partie1\/\">Tout est accompli (partie 1)<\/a><\/h3>\n\n\n\n<p>\u00ab&nbsp;Et lui leur dit&nbsp;: \u00d4 gens sans intelligence et lents de c\u0153ur \u00e0 croire toutes les choses que les proph\u00e8tes ont dites&nbsp;! Ne fallait-il pas que le Christ&nbsp;souffr\u00eet ces choses, et qu\u2019il entr\u00e2t dans sa gloire&nbsp;? Et commen\u00e7ant par Mo\u00efse et par tous les proph\u00e8tes, il leur expliquait, dans toutes les \u00e9critures, les choses qui le regardent.&nbsp;\u00bb (Lc 24&nbsp;: 25-27)<\/p>\n\n\n\n<h3 class=\"wp-block-heading\"><a href=\"https:\/\/www.missionfrance.fr\/SITEMISSION\/toutestaccompli-partie2\/\">Tout est accompli (partie 2)<\/a><\/h3>\n\n\n\n<h4 class=\"wp-block-heading\">Proph\u00e9tie&nbsp;:&nbsp; J\u00e9sus-Christ accomplissant des miracles (env. 800 ans av. J-C)<\/h4>\n\n\n\n<p><strong>Esa\u00efe 35 : 4-6<\/strong><br>Dites \u00e0 ceux qui ont le c\u0153ur timide&nbsp;: Soyez forts, ne craignez pas&nbsp;; voici votre Dieu&nbsp;: la vengeance vient, la r\u00e9tribution de Dieu&nbsp;! Lui-m\u00eame viendra, et vous sauvera. Alors les yeux des aveugles s\u2019ouvriront, et les oreilles des sourds seront ouvertes. Alors le boiteux sautera comme le cerf, et la langue du muet chantera de joie. Car des eaux jailliront dans le d\u00e9sert, et des rivi\u00e8res dans le lieu st\u00e9rile&nbsp;;<\/p>\n\n\n\n<h3 class=\"wp-block-heading\"><a href=\"https:\/\/www.missionfrance.fr\/SITEMISSION\/toutestaccompli-partie3\/\">Tout est accompli (partie 3)<\/a><\/h3>\n\n\n\n<h4 class=\"wp-block-heading\">Proph\u00e9tie&nbsp;:&nbsp;J\u00e9sus-Christ crucifi\u00e9 (env. 1000 ans av. J-C)<\/h4>\n\n\n\n<p><strong>Psaume 22&nbsp;: 12-16<\/strong><br>Beaucoup de taureaux m\u2019ont environn\u00e9, des puissants de Basan m\u2019ont entour\u00e9 ; Ils ouvrent leur gueule contre moi, comme un lion d\u00e9chirant et rugissant. Je suis r\u00e9pandu comme de l\u2019eau, et tous mes os se d\u00e9joignent&nbsp;; mon c\u0153ur est comme de la cire, il est fondu au dedans de mes entrailles. Ma vigueur est dess\u00e9ch\u00e9e comme un t\u00eat, et ma langue est attach\u00e9e \u00e0 mon palais&nbsp;; et tu m\u2019as mis dans la poussi\u00e8re de la mort. Car des chiens m\u2019ont environn\u00e9, une assembl\u00e9e de m\u00e9chants m\u2019a entour\u00e9&nbsp;; ils ont perc\u00e9 mes mains et mes pieds ;<\/p>\n\n\n\n<h3 class=\"wp-block-heading\"><a href=\"https:\/\/www.missionfrance.fr\/SITEMISSION\/cette-voie-ouvre-devenez-murs\/\">Par cette voie que je vous ouvre, devenez m\u00fbrs<\/a><\/h3>\n\n\n\n<p><strong>Matthieu 5 : 43-48 Segond 1910<\/strong><br>43 Vous avez appris qu\u2019il a \u00e9t\u00e9 dit : Tu aimeras ton prochain, et tu ha\u00efras ton ennemi.<br>44 Mais moi, je vous dis : Aimez vos ennemis, b\u00e9nissez ceux qui vous maudissent, faites du bien \u00e0 ceux qui vous ha\u00efssent, et priez pour ceux qui vous maltraitent et qui vous pers\u00e9cutent,<br>45 afin que vous soyez fils de votre P\u00e8re qui est dans les cieux ; car il fait lever son soleil sur les m\u00e9chants et sur les bons, et il fait pleuvoir sur les justes et sur les injustes.<br>46 Si vous aimez ceux qui vous aiment, quelle r\u00e9compense m\u00e9ritez-vous ? Les publicains aussi n\u2019agissent-ils pas de m\u00eame ?<br>47 Et si vous saluez seulement vos fr\u00e8res, que faites-vous d\u2019extraordinaire ? Les pa\u00efens aussi n\u2019agissent-ils pas de m\u00eame ?<br>48 Soyez donc parfaits, comme votre P\u00e8re c\u00e9leste est parfait<\/p>\n\n\n\n<h3 class=\"wp-block-heading\"><a href=\"https:\/\/www.missionfrance.fr\/SITEMISSION\/les-moyens-de-contraception-toleres-et-acceptes\/\">Les moyens de contraception tol\u00e9r\u00e9s et accept\u00e9s<\/a><\/h3>\n\n\n\n<p>Tous les moyens de contraception indiqu\u00e9s en rouge sont \u00e0 proscrire, car emp\u00eachent la nidation de l\u2019\u0153uf. Qui dit \u0153uf, dit vie, et on ne touche pas \u00e0 la vie. Cela \u00e9quivaut \u00e0 un avortement ce qui donne droit \u00e0 un esprit de mort qui sera r\u00e9clam\u00e9 ensuite sur votre vie.<\/p>\n\n\n\n<h3 class=\"wp-block-heading\"><a href=\"https:\/\/www.missionfrance.fr\/SITEMISSION\/le-divorce-et-le-remariage\/\">Le divorce et le remariage.<\/a><\/h3>\n\n\n\n<p>1) Est il permit de r\u00e9pudier sa femme ou son homme pour quelque raison que ce soit ?<br>2) Peut-elle ou il se remarier ?<br><strong>L\u00e9vitique 20:10<\/strong><br>Si un homme commet un adult\u00e8re avec une femme mari\u00e9e, s\u2019il commet un adult\u00e8re avec la femme de son prochain, l\u2019homme et la femme adult\u00e8res seront punis de mort.<br><strong>Matthieu 5 :27-28<\/strong><br>27 Vous avez entendu qu\u2019il a \u00e9t\u00e9 dit : Tu ne commettras point adult\u00e8re. 28 Mais moi, je vous dis que quiconque regarde une femme pour la convoiter, a d\u00e9j\u00e0 commis adult\u00e8re avec elle dans son c\u0153ur.<\/p>\n\n\n\n<h3 class=\"wp-block-heading\"><a href=\"https:\/\/www.missionfrance.fr\/SITEMISSION\/le-mariage-avec-un-inconverti\/\">Le mariage avec un inconverti<\/a><\/h3>\n\n\n\n<p>La Parole de Dieu nous dit clairement que nous ne devrions pas nous associer \u00e0 quelqu&rsquo;un qui est en dehors du Royaume de Dieu. Lorsqu&rsquo;on s&rsquo;associe \u00e0 quelqu&rsquo;un qui n&rsquo;est pas n\u00e9 de nouveau, c&rsquo;est litt\u00e9ralement s&rsquo;exposer&nbsp;\u00e0 des difficult\u00e9s qui ne sont pas n\u00e9cessaires&nbsp;pour notre vie. Se marier avec une personne qui ne partage pas les m\u00eames valeurs que vous provoquera assur\u00e9ment des difficult\u00e9s.<\/p>\n\n\n\n<h3 class=\"wp-block-heading\"><a href=\"https:\/\/www.missionfrance.fr\/SITEMISSION\/relation-en-dehors-du-mariage\/\">Relation en dehors du mariage<\/a><\/h3>\n\n\n\n<p>Impudicit\u00e9\u00a0:Fornication, adult\u00e8re, infid\u00e9lit\u00e9 impudicit\u00e9, prostitution, relation sexuelle illicite\u00a0: adult\u00e8re, fornication, homosexualit\u00e9, m\u0153urs d\u2019une lesbienne, relation avec des animaux, relation sexuelle avec un ou une divorc\u00e9e, relation sexuelle avec un proche parent.<\/p>\n\n\n\n<h3 class=\"wp-block-heading\"><a href=\"https:\/\/www.missionfrance.fr\/SITEMISSION\/apres-la-confession-le-pardon\/\">Apr\u00e8s la confession le pardon<\/a><\/h3>\n\n\n\n<p>1 Jean 1 : 9<br>Si nous confessons nos p\u00e9ch\u00e9s, il est fid\u00e8le et juste pour nous les pardonner, et pour nous purifier de toute iniquit\u00e9.<\/p>\n","protected":false},"excerpt":{"rendered":"<p>La r\u00e9surrection La r\u00e9surrection de J\u00e9sus est \u00e0 la base du christianisme. En effet, Paul dans sa lettre aux Corinthiens affirme au chapitre 15 que si la r\u00e9surrection n\u2019a pas eu lieu, la pr\u00e9dication et la foi sont vaines (1 Co 15:14). Mais pour quelles raisons la foi chr\u00e9tienne pourrait-elle s\u2019effondrer sur la non-v\u00e9racit\u00e9 d\u2019un [&hellip;]<\/p>\n","protected":false},"author":1,"featured_media":0,"parent":0,"menu_order":0,"comment_status":"closed","ping_status":"closed","template":"","meta":{"footnotes":""},"class_list":["post-3585","page","type-page","status-publish","hentry","post"],"_links":{"self":[{"href":"https:\/\/www.missionfrance.fr\/SITEMISSION\/wp-json\/wp\/v2\/pages\/3585","targetHints":{"allow":["GET"]}}],"collection":[{"href":"https:\/\/www.missionfrance.fr\/SITEMISSION\/wp-json\/wp\/v2\/pages"}],"about":[{"href":"https:\/\/www.missionfrance.fr\/SITEMISSION\/wp-json\/wp\/v2\/types\/page"}],"author":[{"embeddable":true,"href":"https:\/\/www.missionfrance.fr\/SITEMISSION\/wp-json\/wp\/v2\/users\/1"}],"replies":[{"embeddable":true,"href":"https:\/\/www.missionfrance.fr\/SITEMISSION\/wp-json\/wp\/v2\/comments?post=3585"}],"version-history":[{"count":18,"href":"https:\/\/www.missionfrance.fr\/SITEMISSION\/wp-json\/wp\/v2\/pages\/3585\/revisions"}],"predecessor-version":[{"id":3966,"href":"https:\/\/www.missionfrance.fr\/SITEMISSION\/wp-json\/wp\/v2\/pages\/3585\/revisions\/3966"}],"wp:attachment":[{"href":"https:\/\/www.missionfrance.fr\/SITEMISSION\/wp-json\/wp\/v2\/media?parent=3585"}],"curies":[{"name":"wp","href":"https:\/\/api.w.org\/{rel}","templated":true}]}}