{"id":3300,"date":"2021-01-05T09:44:25","date_gmt":"2021-01-05T09:44:25","guid":{"rendered":"https:\/\/www.missionfrance.fr\/SITEMISSION\/?page_id=3300"},"modified":"2021-01-05T09:44:26","modified_gmt":"2021-01-05T09:44:26","slug":"politique-de-privacite","status":"publish","type":"page","link":"https:\/\/www.missionfrance.fr\/SITEMISSION\/politique-de-privacite\/","title":{"rendered":"Politique de privacit\u00e9"},"content":{"rendered":"\n<p><strong>Qui sommes-nous ?<\/strong><\/p>\n\n\n\n<p>L\u2019adresse de notre site web est : https:\/\/ <a href=\"http:\/\/www.missionfrance.fr\">www.missionfrance.fr<\/a><\/p>\n\n\n\n<p>Quelles sont les donn\u00e9es personnelles que nous recueillons et pourquoi nous les recueillons<\/p>\n\n\n\n<p><strong><br>Commentaires<\/strong><\/p>\n\n\n\n<p>Lorsque les visiteurs laissent des commentaires sur le site, nous recueillons les donn\u00e9es affich\u00e9es sur le formulaire de commentaire, ainsi que l\u2019adresse IP du visiteur et la cha\u00eene d\u2019agents d\u2019utilisateur du navigateur pour aider \u00e0 d\u00e9tecter le spam.<\/p>\n\n\n\n<p><strong>M\u00e9dias<\/strong><\/p>\n\n\n\n<p>Si vous t\u00e9l\u00e9chargez des images sur le web, vous devez \u00e9viter de t\u00e9l\u00e9charger des images avec des donn\u00e9es de localisation (GPS EXIF) incluses. Les visiteurs du site web peuvent t\u00e9l\u00e9charger et extraire toutes les donn\u00e9es de localisation \u00e0 partir des images du site.<\/p>\n\n\n\n<p><strong>Formulaires de contact<br><br><\/strong><\/p>\n\n\n\n<p>En fonction du formulaire ou de la section \u00e0 laquelle vous acc\u00e9dez, nous vous demanderons uniquement les donn\u00e9es n\u00e9cessaires aux fins d\u00e9crites ci-dessous. \u00c0 tout moment, vous devez donner votre consentement explicite lorsque nous vous demandons des informations personnelles aux fins suivantes :<\/p>\n\n\n\n<p>Les fins sp\u00e9cifiques indiqu\u00e9es sur chacune des pages ou sections o\u00f9 figure le formulaire d&rsquo;inscription ou de contact \u00e9lectronique.<\/p>\n\n\n\n<p>En g\u00e9n\u00e9ral, pour r\u00e9pondre \u00e0 vos demandes, commentaires, questions ou tout type de requ\u00eate que vous faites en tant qu&rsquo;utilisateur par le biais de l&rsquo;un des formulaires de contact que nous mettons \u00e0 votre disposition<\/p>\n\n\n\n<p>Pour vous informer sur les consultations, les demandes, les activit\u00e9s, les produits, les nouvelles et\/ou les services ; par e-mail, fax, Whatsapp, Skype, t\u00e9l\u00e9phone fourni, sms et mms.<\/p>\n\n\n\n<p>vous envoyer des communications commerciales ou publicitaires par tout autre moyen \u00e9lectronique ou physique permettant d&rsquo;effectuer des communications.<strong><br><br>Cookies<\/strong><\/p>\n\n\n\n<p>Si vous laissez un commentaire sur notre site, vous pouvez choisir de faire enregistrer votre nom, votre adresse \u00e9lectronique et votre adresse web dans des cookies. C\u2019est pour votre confort, afin que vous n\u2019ayez pas \u00e0 remplir \u00e0 nouveau vos coordonn\u00e9es lorsque vous laissez un autre commentaire. Ces biscuits dureront un an.<\/p>\n\n\n\n<p>Si vous avez un compte et que vous vous connectez \u00e0 ce site, nous installerons un cookie temporaire pour d\u00e9terminer si votre navigateur accepte les cookies. Ce cookie ne contient aucune donn\u00e9e personnelle et est supprim\u00e9 lorsque vous fermez votre navigateur.<\/p>\n\n\n\n<p>Lorsque vous vous connectez, nous installons \u00e9galement plusieurs cookies pour enregistrer vos informations de connexion et les options d\u2019affichage de l\u2019\u00e9cran. Les cookies d\u2019acc\u00e8s durent deux jours, et les cookies d\u2019options d\u2019\u00e9cran durent un an. Si vous s\u00e9lectionnez \u201cSe souvenir de moi\u201d, votre connexion durera deux semaines. Si vous vous d\u00e9connectez de votre compte, vos cookies de connexion seront supprim\u00e9s.<\/p>\n\n\n\n<p>Si vous modifiez ou postez un article, un cookie suppl\u00e9mentaire sera stock\u00e9 dans votre navigateur. Ce cookie ne contient aucune information personnelle et indique simplement l\u2019identifiant de l\u2019article que vous venez d\u2019\u00e9diter. Il expire apr\u00e8s 1 jour.<\/p>\n\n\n\n<p><strong>Contenu int\u00e9gr\u00e9 provenant d\u2019autres sites web<\/strong><\/p>\n\n\n\n<p>Les articles de ce site peuvent comporter du contenu int\u00e9gr\u00e9 (par exemple des vid\u00e9os, des images, des articles, etc.). Le contenu int\u00e9gr\u00e9 provenant d\u2019autres sites se comporte exactement comme si le visiteur avait visit\u00e9 l\u2019autre site.<\/p>\n\n\n\n<p>Ces sites peuvent collecter des donn\u00e9es vous concernant, utiliser des cookies, int\u00e9grer un suivi tiers suppl\u00e9mentaire et surveiller votre interaction avec ce contenu int\u00e9gr\u00e9, y compris le suivi de votre interaction avec le contenu int\u00e9gr\u00e9 si vous avez un compte et \u00eates connect\u00e9 \u00e0 ce site.<\/p>\n\n\n\n<p><strong>Analytique<\/strong><\/p>\n\n\n\n<p>Avec qui nous partageons vos donn\u00e9es<br>Combien de temps nous conservons vos donn\u00e9es<\/p>\n\n\n\n<p>Si vous laissez un commentaire, le commentaire et ses m\u00e9tadonn\u00e9es sont conserv\u00e9s ind\u00e9finiment. Cela nous permet de reconna\u00eetre et d\u2019approuver automatiquement les commentaires successifs, plut\u00f4t que de les garder dans une file d\u2019attente de mod\u00e9ration.<\/p>\n\n\n\n<p>Parmi les utilisateurs qui s\u2019inscrivent sur notre site (le cas \u00e9ch\u00e9ant), nous stockons \u00e9galement les informations personnelles qu\u2019ils fournissent dans leur profil d\u2019utilisateur. Tous les utilisateurs peuvent consulter, modifier ou supprimer leurs informations personnelles \u00e0 tout moment (sauf qu\u2019ils ne peuvent pas changer leur nom d\u2019utilisateur). Les administrateurs du site peuvent \u00e9galement consulter et modifier ces informations.<\/p>\n\n\n\n<p><strong>Quels droits avez-vous sur vos informations<\/strong><\/p>\n\n\n\n<p>Si vous avez un compte ou avez laiss\u00e9 des commentaires sur ce site, vous pouvez demander \u00e0 recevoir un fichier d\u2019exportation des donn\u00e9es personnelles que nous avons sur vous, y compris les donn\u00e9es que vous avez fournies. Vous pouvez \u00e9galement nous demander de supprimer toutes les donn\u00e9es personnelles que nous avons sur vous. Cela n\u2019inclut pas les donn\u00e9es que nous sommes oblig\u00e9s de conserver \u00e0 des fins administratives, juridiques ou de s\u00e9curit\u00e9.<\/p>\n\n\n\n<p><strong>O\u00f9 nous envoyons vos donn\u00e9es<\/strong><\/p>\n\n\n\n<p>Les commentaires des visiteurs peuvent \u00eatre examin\u00e9s par un service automatis\u00e9 de d\u00e9tection des spams.<\/p>\n","protected":false},"excerpt":{"rendered":"<p>Qui sommes-nous ? L\u2019adresse de notre site web est : https:\/\/ www.missionfrance.fr Quelles sont les donn\u00e9es personnelles que nous recueillons et pourquoi nous les recueillons Commentaires Lorsque les visiteurs laissent des commentaires sur le site, nous recueillons les donn\u00e9es affich\u00e9es sur le formulaire de commentaire, ainsi que l\u2019adresse IP du visiteur et la cha\u00eene d\u2019agents [&hellip;]<\/p>\n","protected":false},"author":1,"featured_media":0,"parent":0,"menu_order":0,"comment_status":"closed","ping_status":"closed","template":"","meta":{"footnotes":""},"class_list":["post-3300","page","type-page","status-publish","hentry","post"],"_links":{"self":[{"href":"https:\/\/www.missionfrance.fr\/SITEMISSION\/wp-json\/wp\/v2\/pages\/3300","targetHints":{"allow":["GET"]}}],"collection":[{"href":"https:\/\/www.missionfrance.fr\/SITEMISSION\/wp-json\/wp\/v2\/pages"}],"about":[{"href":"https:\/\/www.missionfrance.fr\/SITEMISSION\/wp-json\/wp\/v2\/types\/page"}],"author":[{"embeddable":true,"href":"https:\/\/www.missionfrance.fr\/SITEMISSION\/wp-json\/wp\/v2\/users\/1"}],"replies":[{"embeddable":true,"href":"https:\/\/www.missionfrance.fr\/SITEMISSION\/wp-json\/wp\/v2\/comments?post=3300"}],"version-history":[{"count":2,"href":"https:\/\/www.missionfrance.fr\/SITEMISSION\/wp-json\/wp\/v2\/pages\/3300\/revisions"}],"predecessor-version":[{"id":3303,"href":"https:\/\/www.missionfrance.fr\/SITEMISSION\/wp-json\/wp\/v2\/pages\/3300\/revisions\/3303"}],"wp:attachment":[{"href":"https:\/\/www.missionfrance.fr\/SITEMISSION\/wp-json\/wp\/v2\/media?parent=3300"}],"curies":[{"name":"wp","href":"https:\/\/api.w.org\/{rel}","templated":true}]}}