{"id":3291,"date":"2021-01-05T09:36:48","date_gmt":"2021-01-05T09:36:48","guid":{"rendered":"https:\/\/www.missionfrance.fr\/SITEMISSION\/?page_id=3291"},"modified":"2021-01-05T09:36:49","modified_gmt":"2021-01-05T09:36:49","slug":"cookies","status":"publish","type":"page","link":"https:\/\/www.missionfrance.fr\/SITEMISSION\/cookies\/","title":{"rendered":"Cookies"},"content":{"rendered":"\n<p><strong>Politique sur les Cookies<\/strong><\/p>\n\n\n\n<p>En visitant notre site Web et en utilisant nos services, vous comprenez et acceptez la fa\u00e7on dont nous traitons les donn\u00e9es personnelles conform\u00e9ment \u00e0 notre politique de confidentialit\u00e9. Nous respectons votre vie priv\u00e9e et le droit de contr\u00f4ler vos donn\u00e9es personnelles. Nos principes directeurs sont simples. Nous allons \u00eatre ouverts avec quelles donn\u00e9es nous collectons et pourquoi. Veuillez prendre un moment pour les lire. C\u2019est important !<\/p>\n\n\n\n<p>Les cookies sont de petites quantit\u00e9s d\u2019informations stock\u00e9es dans des fichiers au sein m\u00eame du navigateur de votre ordinateur. Les cookies sont accessibles et enregistr\u00e9s par les sites internet que vous consultez, et par les soci\u00e9t\u00e9s qui affichent leurs annonces publicitaires sur des sites internet, pour qu\u2019ils puissent reconna\u00eetre le navigateur. Les sites Internet peuvent uniquement acc\u00e9der aux cookies qu\u2019ils ont stock\u00e9s sur votre ordinateur.<\/p>\n\n\n\n<p>En utilisant le Site Internet , vous consentez \u00e0 l\u2019utilisation des cookies d\u00e9pos\u00e9s par notre Site.<\/p>\n\n\n\n<p>Le site Internet utilise des cookies aux fins suivantes :<\/p>\n\n\n\n<ul class=\"wp-block-list\"><li><strong>Usage du site :<\/strong>&nbsp;pour nous aider \u00e0 reconna\u00eetre votre navigateur comme celui d\u2019un visiteur pr\u00e9c\u00e9dent et pour enregistrer les pr\u00e9f\u00e9rences que vous avez d\u00e9termin\u00e9es lors de votre pr\u00e9c\u00e9dente visite sur le Site. Par exemple, nous pouvons enregistrer vos informations de connexion de sorte que vous n\u2019ayez pas \u00e0 vous connecter \u00e0 chaque fois que vous visitez le Site ;<\/li><li><strong>R\u00e9seaux sociaux :<\/strong>&nbsp;pour v\u00e9rifier si vous \u00eates connect\u00e9s \u00e0 des services tiers (Facebook, Twitter, Google+\u2026) ;<\/li><li><strong>Ciblage :<\/strong>&nbsp;pour nous permettre de cibler (emailing, enrichissement de base) \u00e0 post\u00e9riori ou en temps r\u00e9el l\u2019internaute qui navigue sur notre Site ;<\/li><li><strong>Mesure d\u2019audience :&nbsp;<\/strong>pour suivre les donn\u00e9es statistiques de fr\u00e9quentation du Site (soit l\u2019utilisation faite du Site par les utilisateurs et pour am\u00e9liorer les services du Site) et pour nous aider \u00e0 mesurer et \u00e9tudier l\u2019efficacit\u00e9 de notre contenu interactif en ligne, de ses caract\u00e9ristiques, publicit\u00e9s et autres communications.<\/li><\/ul>\n\n\n\n<p><strong><u>Vos Choix Concernant les Cookies et Balises Web<\/u><\/strong><\/p>\n\n\n\n<p>Vous avez le choix de configurer votre navigateur pour accepter tous les cookies, rejeter tous les cookies, vous informer quand un cookie est \u00e9mis, sa dur\u00e9e de validit\u00e9 et son contenu, ainsi que vous permettre de refuser son enregistrement dans votre terminal, et supprimer vos cookies p\u00e9riodiquement.<\/p>\n\n\n\n<p>Vous pouvez param\u00e9trer votre navigateur Internet pour d\u00e9sactiver les cookies. Notez toutefois que si vous d\u00e9sactivez les cookies, votre nom d\u2019utilisateur ainsi que votre mot de passe ne seront plus sauvegard\u00e9s sur aucun site web.<\/p>\n\n\n\n<p><strong><u>Comment configurer votre navigateur<\/u><\/strong><\/p>\n\n\n\n<ul class=\"wp-block-list\"><li><strong>Firefox :<\/strong><ul><li>1. Ouvrez Firefox<\/li><li>2. Appuyez sur la touche \u00ab Alt \u00bb<\/li><li>3. Dans le menu en haut de la page cliquez sur \u00ab Outils \u00bb puis \u00ab Options \u00bb<\/li><li>4. S\u00e9lectionnez l\u2019onglet \u00ab Vie priv\u00e9e \u00bb<\/li><li>5. Dans le menu d\u00e9roulant \u00e0 droite de \u00ab R\u00e8gles de conservation \u00bb, cliquez sur \u00ab utiliser les param\u00e8tres personnalis\u00e9s pour l\u2019historique \u00bb<\/li><li>6. Un peu plus bas, d\u00e9cochez \u00ab Accepter les cookies \u00bb<\/li><li>7. Sauvegardez vos pr\u00e9f\u00e9rences en cliquant sur \u00ab OK \u00bb<\/li><\/ul><\/li><li><strong>Internet Explorer :<\/strong><ul><li>1. Ouvrez Internet Explorer<\/li><li>2. Dans le menu \u00ab Outils \u00bb, s\u00e9lectionnez \u00ab Options Internet \u00bb<\/li><li>3. Cliquez sur l\u2019onglet \u00ab Confidentialit\u00e9 \u00bb<\/li><li>4. Cliquez sur \u00ab Avanc\u00e9 \u00bb et d\u00e9cochez \u00ab Accepter \u00bb<\/li><li>5. Sauvegardez vos pr\u00e9f\u00e9rences en cliquant sur \u00ab OK \u00bb<\/li><\/ul><\/li><li><strong>Google Chrome :<\/strong><ul><li>1. Ouvrez Google Chrome<\/li><li>2. Cliquez sur l\u2019ic\u00f4ne d\u2019outils dans la barre de menu<\/li><li>3. S\u00e9lectionnez \u00ab Options \u00bb<\/li><li>4. Cliquez sur l\u2019onglet \u00ab Options avanc\u00e9es \u00bb<\/li><li>5. Dans le menu d\u00e9roulant \u00ab Param\u00e8tres des cookies \u00bb, s\u00e9lectionnez \u00ab Bloquer tous les cookies \u00bb<\/li><\/ul><\/li><li><strong>Safari :<\/strong><ul><li>1. Ouvrez Safari<\/li><li>2. Dans la barre de menu en haut, cliquez sur \u00ab Safari \u00bb, puis \u00ab Pr\u00e9f\u00e9rences \u00bb<\/li><li>3. S\u00e9lectionnez l\u2019ic\u00f4ne \u00ab S\u00e9curit\u00e9 \u00bb<\/li><li>4. \u00c0 c\u00f4t\u00e9 de \u00ab Accepter les cookies \u00bb, cochez \u00ab Jamais \u00bb<\/li><li>5. Si vous souhaitez voir les cookies qui sont d\u00e9j\u00e0 sauvegard\u00e9s sur votre ordinateur, cliquez sur \u00ab Afficher les cookies \u00bb<\/li><\/ul><\/li><\/ul>\n","protected":false},"excerpt":{"rendered":"<p>Politique sur les Cookies En visitant notre site Web et en utilisant nos services, vous comprenez et acceptez la fa\u00e7on dont nous traitons les donn\u00e9es personnelles conform\u00e9ment \u00e0 notre politique de confidentialit\u00e9. Nous respectons votre vie priv\u00e9e et le droit de contr\u00f4ler vos donn\u00e9es personnelles. Nos principes directeurs sont simples. Nous allons \u00eatre ouverts avec [&hellip;]<\/p>\n","protected":false},"author":1,"featured_media":0,"parent":0,"menu_order":0,"comment_status":"closed","ping_status":"closed","template":"","meta":{"footnotes":""},"class_list":["post-3291","page","type-page","status-publish","hentry","post"],"_links":{"self":[{"href":"https:\/\/www.missionfrance.fr\/SITEMISSION\/wp-json\/wp\/v2\/pages\/3291","targetHints":{"allow":["GET"]}}],"collection":[{"href":"https:\/\/www.missionfrance.fr\/SITEMISSION\/wp-json\/wp\/v2\/pages"}],"about":[{"href":"https:\/\/www.missionfrance.fr\/SITEMISSION\/wp-json\/wp\/v2\/types\/page"}],"author":[{"embeddable":true,"href":"https:\/\/www.missionfrance.fr\/SITEMISSION\/wp-json\/wp\/v2\/users\/1"}],"replies":[{"embeddable":true,"href":"https:\/\/www.missionfrance.fr\/SITEMISSION\/wp-json\/wp\/v2\/comments?post=3291"}],"version-history":[{"count":2,"href":"https:\/\/www.missionfrance.fr\/SITEMISSION\/wp-json\/wp\/v2\/pages\/3291\/revisions"}],"predecessor-version":[{"id":3294,"href":"https:\/\/www.missionfrance.fr\/SITEMISSION\/wp-json\/wp\/v2\/pages\/3291\/revisions\/3294"}],"wp:attachment":[{"href":"https:\/\/www.missionfrance.fr\/SITEMISSION\/wp-json\/wp\/v2\/media?parent=3291"}],"curies":[{"name":"wp","href":"https:\/\/api.w.org\/{rel}","templated":true}]}}