{"id":3183,"date":"2020-07-19T14:57:28","date_gmt":"2020-07-19T14:57:28","guid":{"rendered":"http:\/\/www.missionfrance.fr\/SITEMISSION\/?page_id=3183"},"modified":"2021-02-04T09:25:44","modified_gmt":"2021-02-04T09:25:44","slug":"propheties-2","status":"publish","type":"page","link":"https:\/\/www.missionfrance.fr\/SITEMISSION\/propheties-2\/","title":{"rendered":"Proph\u00e9ties"},"content":{"rendered":"\n<h5 class=\"wp-block-heading\">Proph\u00e9tie pour l&rsquo;Eglise d&rsquo;ussel le dimanche 27 Octobre 2019\u00a0<\/h5>\n\n\n\n<p>Je parle tant\u00f4t d\u2019une mani\u00e8re, tant\u00f4t d\u2019une autre, mais mon peuple n\u2019y prend point garde,<br>Petit troupeau je t\u2019ai averti par plusieurs personnes et malheureusement tu n\u2019y prends point garde.<br>Je suis dans l\u2019obligation de te rappeler que celui qui b\u00e2tit la maison doit la r\u00e9aliser sur ma parole, sinon il b\u00e2tit en vain.<br>Je t\u2019ai dit que le c\u0153ur de plusieurs n\u2019\u00e9tait pas pur et qu\u2019il y aurait des s\u00e9parations, je t\u2019ai demand\u00e9 de pers\u00e9v\u00e9rer dans le z\u00e8le de la proclamation de mon Evangile. J\u2019atteste que tu te laisses s\u00e9duire par des projets charnels, mais tes investissements seront \u00e9prouv\u00e9s, il en d\u00e9coulera une v\u00e9ritable d\u00e9ception, ressaisis-toi, reprends toi, afin que dans la fid\u00e9lit\u00e9 tu puisses entendre ma volont\u00e9 et que tu b\u00e2tisses sur un v\u00e9ritable fondement.<br>Pr\u00eate attention \u00e0 mes conseils.<\/p>\n\n\n\n<h5 class=\"wp-block-heading\">Proph\u00e9tie pour l&rsquo;Eglise d&rsquo;Ussel, re\u00e7ue le 22 05 2019, donn\u00e9e le 11 08 2019<\/h5>\n\n\n\n<p>Petit troupeau, tu vas souffrir encore d&rsquo;une d\u00e9sillusion, d&rsquo;une esp\u00e9rance d\u00e9plac\u00e9e. En effet, je ne veux pas te cacher mes desseins, comme je ne les ai pas cach\u00e9s \u00e0 mon serviteur Abraham et les autres ; il va y avoir encore une s\u00e9paration, une division, car le c\u0153ur de certains n&rsquo;est pas pur , ils sont dans la vision de leurs propres int\u00e9r\u00eats.<br>Je te demande dans la connaissance de ces choses de te fortifier, de pers\u00e9v\u00e9rer et surtout de prendre du z\u00e8le, de l&rsquo;envol pour que la proclamation de la puissance de Mon Evangile ne d\u00e9pende pas de ceux qui vont provoquer des d\u00e9chirements ; je souhaite que ta maturit\u00e9 croisse et que le rayonnement de ma Gloire se fasse au travers de ta fid\u00e9lit\u00e9 et non au travers de ceux qui voudraient s&rsquo;en emparer. Petit troupeau prends courage et sois fid\u00e8le.<\/p>\n\n\n\n<h5 class=\"wp-block-heading\"> Eglise USSEL &#8211; Donn\u00e9e le 21 ao\u00fbt 2016 <\/h5>\n\n\n\n<p>Petit troupeau d\u00e9laiss\u00e9, si ceux qui sont en place ne te consid\u00e8rent pas, ne se tiennent pas pr\u00e8s de toi, moi je te consid\u00e8re de choix. Je vais faire lever au milieu de toi un oint, un serviteur qui, lui, te conna\u00eetra. Il aura les mains cagneuses, fruit de son travail, son z\u00e8le de berger ira vers les brebis \u00e9gar\u00e9es, les brebis bless\u00e9es, cass\u00e9es. Il prendra soin du troupeau et le fera cro\u00eetre et multiplier. Ceux qui entendent cette parole feront comme au temps de J\u00e9r\u00e9mie, \u00e9tant membres de la m\u00eame famille, ils le rejetteront parce qu\u2019ils ne consid\u00e8rent pas cette parole venant d\u2019au milieu d\u2019eux. Moi, je prononce cette parole pour exciter \u00e0 jalousie, mais m\u00eame avec cela, celui qui est en place ne se ressaisira pas. Alors, moi, petit troupeau, je ne te d\u00e9laisserai pas et je ferai lever ce serviteur au milieu de toi.<\/p>\n\n\n\n<h5 class=\"wp-block-heading\">Lettre \u00e0 Georges Fr\u00eache &#8211; (envoy\u00e9e en Janvier 2004)<\/h5>\n\n\n\n<p>Je d\u00eenais au restaurant \u00ab AU POU QUI PLEURE \u00bb, avec un ami. A cette \u00e9poque, le restaurant \u00e9tait situ\u00e9 dans la rue de la Croix d\u2019Or.<br>A l\u2019occasion de cette soir\u00e9e, vous \u00eates entr\u00e9 avec une femme et deux jeunes gens (j\u2019ai suppos\u00e9 qu\u2019ils puissent \u00eatre votre femme et vos enfants).<br>A l\u2019instant o\u00f9 vous \u00eates entr\u00e9s dans cette salle, j\u2019ai eu une vision dans l\u2019esprit, que je me dois de vous relater :<br>Cette vision \u00e9tait un astre brillant qui avait un tr\u00e8s bel \u00e9clat, mais d\u2019un seul coup cet astre est devenu tel une \u00e9toile filante et a disparu d\u00e9finitivement.<br>L\u2019interpr\u00e9tation de cette vision:<br>\u00ab Vous avez connu un temps de gloire o\u00f9 vous brilliez, mais vous avez \u00e9t\u00e9 pes\u00e9 et compt\u00e9 par l\u2019Eternel Dieu et votre \u00e9clat en tant qu\u2019homme politique commence \u00e0 s\u2019\u00e9teindre jusqu\u2019\u00e0 extinction d\u00e9finitive \u00bb.<\/p>\n\n\n\n<h5 class=\"wp-block-heading\">Proph\u00e9tie : Les fils de l\u2019Orient \u2013 juillet 2014<\/h5>\n\n\n\n<p>Fils de l\u2019Orient, tu es bien le fils d\u2019Agar, c\u2019est \u00e0 dire que tu souhaites poss\u00e9der ce qui ne t\u2019appartient pas. Il est vrai que j\u2019ai permis un d\u00e9ferlement, un envahissement de ta part sur le pays de la France \u00e0 cause de ses p\u00each\u00e9s, \u00e0 cause de ses injustices, de ses ignominies, de ses abominations, pays du droit de l\u2019homme, qui en bafoue les gloires.<br>Je vais maintenant renverser la situation. Je vais maintenant provoquer des circonstances : il va y avoir feu, sang. Tes intentions de poss\u00e9der et de vouloir conqu\u00e9rir vont appara\u00eetre \u00e0 pr\u00e9sent \u00e0 la lumi\u00e8re ; les m\u00e9dias vont \u00eatre dans l\u2019obligation de les r\u00e9v\u00e9ler et seront saisis de ces affaires. Tu seras vu dans tes intentions et connu dans tes agissements, ce qui provoquera feu et sang.<br>Maintenant, sache une chose, je vais faire lever des moyens et faire en sorte que tu sois repouss\u00e9 au-del\u00e0 des fronti\u00e8res. Tu seras repouss\u00e9 directement dans ton pays, ce pays qui t\u2019a \u00e9t\u00e9 donn\u00e9 d\u00e8s le commencement et que tu as d\u00e9laiss\u00e9 et qui est, malheureusement, sous des diff\u00e9rentes emprises de n\u00e9gligence. Je vais te ramener l\u00e0 d\u2019o\u00f9 tu viens et tu seras dans l\u2019obligation de le g\u00e9rer et de le faire prosp\u00e9rer.<\/p>\n\n\n\n<h5 class=\"wp-block-heading\">Proph\u00e9tie sur MANDROUX -2012<\/h5>\n\n\n\n<p>MANDROUX, \u00ab Renard et levain d\u2019H\u00e9rode \u00bb, les paroles de Christ te vont bien, paroles qui ont \u00e9t\u00e9 prononc\u00e9es sur H\u00e9rode, le T\u00e9trarque, ce renard (influences iniques sur tes partisans).<br>Toi qui as voulu faire taire la proclamation du Saint \u00c9vangile sur la ville de Montpellier, sache que le jour o\u00f9 tu te trouveras dans le d\u00e9sir de voir un miracle ou la puissance de cet \u00e9vangile, tu te trouveras comme H\u00e9rode devant Christ, demandant un miracle, et le Roi des Rois n\u2019ouvrit pas sa bouche. Tu ne pourras rien dire ni demander.<br>Tu es mont\u00e9e, sous l\u2019influence de tes proches, tes partisans, aupr\u00e8s de celui qui \u00e9tait en place pour obtenir une place de haut rang.<br>Saches que tu finiras comme H\u00e9rode, dans les oubliettes de la politique.<\/p>\n\n\n\n<h5 class=\"wp-block-heading\">Proph\u00e9tie La main de Fatima par vision donn\u00e9e le 19 07 2015<\/h5>\n\n\n\n<p>La vision : une main de Fatima \u00e0 l\u2019envers, comme une fleur grossi\u00e8re et plate. Elle \u00e9tait blanche.<br>Puis, la lumi\u00e8re est venue la toucher de plein fouet et elle a commenc\u00e9 \u00e0 prendre du relief et se transformer en fleur. Sous l\u2019effet de la lumi\u00e8re, des p\u00e9tales se sont rajout\u00e9s et se sont ouverts.<br>Dieu a pr\u00e9vu de toucher les femmes de confession musulmane et que le message de l\u2019Evangile leur soit annonc\u00e9.<br>Cette lumi\u00e8re de Dieu va les toucher, va leur donner de conna\u00eetre la v\u00e9rit\u00e9 et un nouveau sens \u00e0 leur vie. Elles vont s\u2019\u00e9panouir comme une fleur. Au travers de cette d\u00e9monstration de vie, elles seront des t\u00e9moins dans le monde musulman.<\/p>\n\n\n\n<h5 class=\"wp-block-heading\">La mer sur Montpellier \u2013 05\/02\/2012<\/h5>\n\n\n\n<p>Montpellier, toi qui pratiques l\u2019injustice, l\u2019iniquit\u00e9 et les abominations.<br>A cause de cela : toi qui te veux aller jusqu\u2019au bord de la mer, qui veut relier la mer, sache que ce n\u2019est pas toi qui va aller vers la mer, mais que c\u2019est la mer qui va venir jusqu\u2019\u00e0 toi.<br>Toi qui d\u00e9pose tes excr\u00e9ments au large, sache que tes excr\u00e9ments vont revenir sur toi, les flots vont t\u2019envahir et d\u00e9truire m\u00eame des sites historiques, arch\u00e9ologiques.<br>Sache que maintenant, \u00e0 cause de tes abominations, \u00e0 cause de ton injustice, de ton p\u00each\u00e9, je vais faire venir les flots sur ton \u00e9tendue, ton environnement, pour que tu comprennes, que tu saches que je suis l\u2019\u00c9ternel, Dieu.<br>Le maire et le Pr\u00e9sident de R\u00e9gion vont \u00eatre renvers\u00e9s.<\/p>\n","protected":false},"excerpt":{"rendered":"<p>Proph\u00e9tie pour l&rsquo;Eglise d&rsquo;ussel le dimanche 27 Octobre 2019\u00a0 Je parle tant\u00f4t d\u2019une mani\u00e8re, tant\u00f4t d\u2019une autre, mais mon peuple n\u2019y prend point garde,Petit troupeau je t\u2019ai averti par plusieurs personnes et malheureusement tu n\u2019y prends point garde.Je suis dans l\u2019obligation de te rappeler que celui qui b\u00e2tit la maison doit la r\u00e9aliser sur ma [&hellip;]<\/p>\n","protected":false},"author":1,"featured_media":0,"parent":0,"menu_order":0,"comment_status":"closed","ping_status":"closed","template":"","meta":{"footnotes":""},"class_list":["post-3183","page","type-page","status-publish","hentry","post"],"_links":{"self":[{"href":"https:\/\/www.missionfrance.fr\/SITEMISSION\/wp-json\/wp\/v2\/pages\/3183","targetHints":{"allow":["GET"]}}],"collection":[{"href":"https:\/\/www.missionfrance.fr\/SITEMISSION\/wp-json\/wp\/v2\/pages"}],"about":[{"href":"https:\/\/www.missionfrance.fr\/SITEMISSION\/wp-json\/wp\/v2\/types\/page"}],"author":[{"embeddable":true,"href":"https:\/\/www.missionfrance.fr\/SITEMISSION\/wp-json\/wp\/v2\/users\/1"}],"replies":[{"embeddable":true,"href":"https:\/\/www.missionfrance.fr\/SITEMISSION\/wp-json\/wp\/v2\/comments?post=3183"}],"version-history":[{"count":8,"href":"https:\/\/www.missionfrance.fr\/SITEMISSION\/wp-json\/wp\/v2\/pages\/3183\/revisions"}],"predecessor-version":[{"id":3668,"href":"https:\/\/www.missionfrance.fr\/SITEMISSION\/wp-json\/wp\/v2\/pages\/3183\/revisions\/3668"}],"wp:attachment":[{"href":"https:\/\/www.missionfrance.fr\/SITEMISSION\/wp-json\/wp\/v2\/media?parent=3183"}],"curies":[{"name":"wp","href":"https:\/\/api.w.org\/{rel}","templated":true}]}}