{"id":188,"date":"2015-03-31T17:10:33","date_gmt":"2015-03-31T17:10:33","guid":{"rendered":"http:\/\/www.missionfrance.fr\/SITEMISSION\/?page_id=188"},"modified":"2025-07-25T23:02:38","modified_gmt":"2025-07-25T23:02:38","slug":"profession-de-foi","status":"publish","type":"page","link":"https:\/\/www.missionfrance.fr\/SITEMISSION\/profession-de-foi\/","title":{"rendered":"\u00c9glise \u00c9vang\u00e9lique Bugeat : Profession de foi"},"content":{"rendered":"<h2 style=\"text-align: left;\">1. La Bible<\/h2>\n<p style=\"text-align: left;\">Nous croyons que la Bible est la Parole et la r\u00e9v\u00e9lation de Dieu, unique et infaillible autorit\u00e9 pour conduire \u00e0 salut et pour l\u2019\u00e9dification de l\u2019\u00c9glise. Qu\u2019elle est inspir\u00e9e de Dieu (2 Timoth\u00e9e 3:16).<br \/>\nIl n\u2019y a rien \u00e0 y ajouter ni \u00e0 retrancher, que ni les coutumes ni les d\u00e9crets, ni les visions ni les miracles, ni aucune autre r\u00e9v\u00e9lation ni tradition ne sauraient modifier ou compl\u00e9ter les \u00c9critures.<br \/>\nLa compr\u00e9hension et l\u2019interpr\u00e9tation de l\u2019\u00c9criture requi\u00e8rent l\u2019intervention du Saint-Esprit.<\/p>\n<h2 style=\"text-align: left;\">2. Dieu<\/h2>\n<p style=\"text-align: left;\">Nous croyons en un seul Dieu YHWH YaHWeH \u00ab\u00a0Je suis celui qui est et qui se suffit \u00e0 lui-m\u00eame\u00a0\u00bb vivant, saint, \u00e9ternel, tout-puissant, cr\u00e9ateur des cieux et de la terre de toutes les choses visibles et invisibles, parfait, omnipr\u00e9sent, omniscient, immuable, amour, admirable, v\u00e9rit\u00e9 et paix, p\u00e8re de tous les esprits, r\u00e9v\u00e9l\u00e9 par le moyen des \u00c9critures et en J\u00e9sus-Christ, son Fils unique, qu\u2019Il a envoy\u00e9 pour que le monde soit sauv\u00e9 ; qu\u2019Il est celui qui fait gr\u00e2ce et qui exerce la justice et l&rsquo;\u00e9quit\u00e9.<br \/>\nTout pouvoir et toute autorit\u00e9 humaine, institutionnelle, morale ou spirituelle lui sont soumis.<\/p>\n<h2 style=\"text-align: left;\">3. J\u00e9sus-Christ<\/h2>\n<p style=\"text-align: left;\">Nous croyons en J\u00e9sus-Christ, comme Fils unique de Dieu, manifest\u00e9 en chair, n\u00e9 d&rsquo;une vierge, par le pouvoir du Saint-Esprit. Nous croyons qu\u2019Il est \u00e0 la fois Dieu et homme, qu\u2019Il est la Parole de Dieu, incarn\u00e9e et qu\u2019Il a habit\u00e9 au milieu des hommes ; que J\u00e9sus-Christ est le Seigneur, le Messie d&rsquo;Isra\u00ebl, le Sauveur de l&rsquo;humanit\u00e9 et l&rsquo;unique chemin qui m\u00e8ne au P\u00e8re-\u00c9ternel et au salut dans le Royaume de Dieu.<br \/>\nNous croyons qu&rsquo;Il est le seul Nom par lequel nous sommes sauv\u00e9s et qu&rsquo;Il est notre avocat, notre d\u00e9fenseur et intercesseur aupr\u00e8s du tr\u00f4ne de Dieu ; qu\u2019Il est mort, crucifi\u00e9, selon ce qui a \u00e9t\u00e9 annonc\u00e9 par les \u00e9critures et les proph\u00e8tes, dessein arr\u00eat\u00e9 de Dieu, pour que nous ayons le pardon de nos p\u00each\u00e9s, la r\u00e9conciliation avec Dieu et la vie \u00e9ternelle.<br \/>\nNous croyons que Dieu le P\u00e8re a agr\u00e9\u00e9 son sacrifice expiatoire, l&rsquo;a ressuscit\u00e9 d&rsquo;entre les morts, qu&rsquo;Il lui a donn\u00e9 tout pouvoir dans le ciel, sur la terre et sous la terre. ; qu&rsquo;Il r\u00e8gne \u00e9ternellement \u00e0 la droite de Dieu, et reviendra dans la gloire pour juger les vivants et les morts en d\u00e9montrant en justice un ch\u00e2timent pour les impies, pour Satan et ses anges d\u00e9chus ; qu\u2019Il \u00e9tablira son r\u00e8gne avec les siens, r\u00e8gne de justice et de paix, dans la pr\u00e9sence \u00e9ternelle de Dieu.<\/p>\n<h2 style=\"text-align: left;\">4. Le Saint-Esprit<\/h2>\n<p style=\"text-align: left;\">Nous croyons \u00e0 la personnalit\u00e9 et \u00e0 la divinit\u00e9 du Saint-Esprit, r\u00e9pandu en pl\u00e9nitude sur la terre \u00e0 la Pentec\u00f4te, cons\u00e9cutivement \u00e0 la glorification de J\u00e9sus ; qu\u2019Il a inspir\u00e9 les proph\u00e8tes et les ap\u00f4tres de la Bible, donn\u00e9 \u00e0 l\u2019\u00c9glise pour l\u2019\u00e9difier dans sa pi\u00e9t\u00e9, au travers des diff\u00e9rents dons spirituels et divers minist\u00e8res, et lui accorder force dans sa mission d\u2019annoncer l\u2019\u00c9vangile ; que le Saint-Esprit convainc de p\u00e9ch\u00e9, de justice et de jugement, qu\u2019Il produit au repentant une nouvelle naissance, qui permet \u00e0 ce disciple d\u2019\u00eatre t\u00e9moin puissant de J\u00e9sus-Christ ; qu\u2019Il fait de chaque chr\u00e9tien son saint temple, une habitation de Dieu.<\/p>\n<h2 style=\"text-align: left;\">5. Hommes<\/h2>\n<p style=\"text-align: left;\">Nous croyons que l\u2019homme a \u00e9t\u00e9 cr\u00e9\u00e9 pur et innocent, par Dieu \u00e0 son image et \u00e0 sa ressemblance.<br \/>\nL\u2019homme est tomb\u00e9 dans le p\u00e9ch\u00e9, par d\u00e9sob\u00e9issance, sous l\u2019influence de Satan, ce qui l\u2019a coup\u00e9 de la communion avec Dieu, son cr\u00e9ateur. Nous croyons que l&rsquo;\u00eatre humain est aim\u00e9 de Dieu, et qu&rsquo;il est appel\u00e9 \u00e0 changer de vie et \u00e0 se convertir pour \u00eatre r\u00e9concili\u00e9 avec Lui.<\/p>\n<h2 style=\"text-align: left;\">6. Le salut<\/h2>\n<p style=\"text-align: left;\">Nous croyons au salut, pardon de tous nos p\u00e9ch\u00e9s, conscients et inconscients, par la gr\u00e2ce de Dieu, en J\u00e9sus-Christ et en son sacrifice ; que l\u2019homme est justifi\u00e9 par la foi et qu\u2019il re\u00e7oit la possibilit\u00e9 de se d\u00e9tourner de ses p\u00e9ch\u00e9s et de vivre une nouveaut\u00e9 de vie, par le renouvellement de son intelligence et la connaissance du seul vrai Dieu, sous l\u2019action du Saint-Esprit et de la Parole de Dieu<\/p>\n<h2 style=\"text-align: left;\">7. L\u2019\u00c9glise<\/h2>\n<p style=\"text-align: left;\">Nous croyons que l\u2019\u00c9glise universelle est l\u2019unit\u00e9 du corps de Christ. Elle est compos\u00e9e de personnes r\u00e9g\u00e9n\u00e9r\u00e9es par la Parole de Dieu et par l&rsquo;Esprit de Dieu. Nous croyons que l\u2019\u00c9glise locale est son expression visible et qu\u2019elle ob\u00e9it \u00e0 celui qui est \u00e0 sa t\u00eate, J\u00e9sus-Christ, pratiquant la Sainte C\u00e8ne et le bapt\u00eame par immersion, pour les repentants ; qu\u2019elle est compos\u00e9e de diff\u00e9rents minist\u00e8res, ap\u00f4tres, proph\u00e8tes, \u00e9vang\u00e9listes, pasteurs, docteurs\/ enseignants, \u00e9v\u00eaques, anciens, diacres et missionnaires pour annoncer le salut \u00e0 toute \u00e2me de l\u2019humanit\u00e9 jusqu\u2019au retour de J\u00e9sus ; qu\u2019elle doit exercer les diff\u00e9rents dons, signes associ\u00e9s \u00e0 la pr\u00e9dication de l\u2019\u00c9vangile : parole de sagesse, parole de connaissance, de discernement des esprits, de proph\u00e9tie, de parler en langues, d\u2019interpr\u00e9tation (langues, songes et visions), de foi, d\u2019op\u00e9rer les miracles, de gu\u00e9rison, de pr\u00e9sider, d\u2019hospitalit\u00e9\u2026<\/p>\n<h2 style=\"text-align: left;\">8. Satan<\/h2>\n<p style=\"text-align: left;\">Nous croyons que Satan existe , source de tous les maux, qu&rsquo;il est le premier et le plus puissant de tous les esprits d\u00e9chus, le principal adversaire de Dieu et de l\u2019homme, son activit\u00e9 est incessante et sa tactique redoutable. Il vise \u00e0 d\u00e9truire l\u2019\u0153uvre de Dieu, mais il a \u00e9t\u00e9 vaincu par la mort, la r\u00e9surrection et la glorification de Christ. Nous croyons que sous des apparences de lumi\u00e8re, il est meurtrier, menteur, calomniateur, l\u2019accusateur des croyants, le tentateur qui pousse les hommes \u00e0 p\u00e9cher, le malin, le prince de ce monde, le dieu de ce si\u00e8cle, le prince de la puissance de l\u2019air, l\u2019esprit qui agit dans les fils de la r\u00e9bellion ; qu\u2019il est \u00e0 la t\u00eate des \u00eatres spirituels inf\u00e9rieurs, des anges d\u00e9chus, ceux qui n\u2019ont pas gard\u00e9 leur dignit\u00e9, qui sont r\u00e9serv\u00e9s pour le jugement et qui seront encha\u00een\u00e9s \u00e9ternellement par les t\u00e9n\u00e8bres. Les d\u00e9mons peuvent entrer dans le corps ou le c\u0153ur d\u2019un homme et le frapper de maladie ou de folie, mais peuvent \u00eatre tanc\u00e9s et chass\u00e9s au nom de J\u00e9sus-Christ.<\/p>\n<p style=\"text-align: left;\"><strong>Jean 16 : 33 \u00ab\u00a0Prenez courage, j&rsquo;ai vaincu le monde\u00a0\u00bb.<\/strong><\/p>\n","protected":false},"excerpt":{"rendered":"<p>1. La Bible Nous croyons que la Bible est la Parole et la r\u00e9v\u00e9lation de Dieu, unique et infaillible autorit\u00e9 pour conduire \u00e0 salut et pour l\u2019\u00e9dification de l\u2019\u00c9glise. Qu\u2019elle est inspir\u00e9e de Dieu (2 Timoth\u00e9e 3:16). Il n\u2019y a rien \u00e0 y ajouter ni \u00e0 retrancher, que ni les coutumes ni les d\u00e9crets, ni [&hellip;]<\/p>\n","protected":false},"author":1,"featured_media":0,"parent":0,"menu_order":0,"comment_status":"closed","ping_status":"closed","template":"","meta":{"footnotes":""},"class_list":["post-188","page","type-page","status-publish","hentry","post"],"_links":{"self":[{"href":"https:\/\/www.missionfrance.fr\/SITEMISSION\/wp-json\/wp\/v2\/pages\/188","targetHints":{"allow":["GET"]}}],"collection":[{"href":"https:\/\/www.missionfrance.fr\/SITEMISSION\/wp-json\/wp\/v2\/pages"}],"about":[{"href":"https:\/\/www.missionfrance.fr\/SITEMISSION\/wp-json\/wp\/v2\/types\/page"}],"author":[{"embeddable":true,"href":"https:\/\/www.missionfrance.fr\/SITEMISSION\/wp-json\/wp\/v2\/users\/1"}],"replies":[{"embeddable":true,"href":"https:\/\/www.missionfrance.fr\/SITEMISSION\/wp-json\/wp\/v2\/comments?post=188"}],"version-history":[{"count":2,"href":"https:\/\/www.missionfrance.fr\/SITEMISSION\/wp-json\/wp\/v2\/pages\/188\/revisions"}],"predecessor-version":[{"id":4109,"href":"https:\/\/www.missionfrance.fr\/SITEMISSION\/wp-json\/wp\/v2\/pages\/188\/revisions\/4109"}],"wp:attachment":[{"href":"https:\/\/www.missionfrance.fr\/SITEMISSION\/wp-json\/wp\/v2\/media?parent=188"}],"curies":[{"name":"wp","href":"https:\/\/api.w.org\/{rel}","templated":true}]}}