{"id":1170,"date":"2016-11-26T13:55:47","date_gmt":"2016-11-26T13:55:47","guid":{"rendered":"http:\/\/www.missionfrance.fr\/SITEMISSION\/page-daccueil\/"},"modified":"2025-07-26T07:42:25","modified_gmt":"2025-07-26T07:42:25","slug":"page-daccueil","status":"publish","type":"page","link":"https:\/\/www.missionfrance.fr\/SITEMISSION\/","title":{"rendered":"Eglise Mission Evang\u00e9lique BUGEAT"},"content":{"rendered":"\n<div style=\"height:10px\" aria-hidden=\"true\" class=\"wp-block-spacer\"><\/div>\n\n\n\n<div class=\"wp-block-columns is-layout-flex wp-container-core-columns-is-layout-9d6595d7 wp-block-columns-is-layout-flex\">\n<div class=\"wp-block-column is-layout-flow wp-block-column-is-layout-flow\"><ul class=\"wp-block-latest-posts__list is-grid columns-2 has-dates wp-block-latest-posts\"><li><div class=\"wp-block-latest-posts__featured-image alignleft\"><img loading=\"lazy\" decoding=\"async\" width=\"150\" height=\"150\" src=\"https:\/\/www.missionfrance.fr\/SITEMISSION\/wp-content\/uploads\/2021\/06\/08-2016-Bugeat-JMI29-copie-150x150.jpg\" class=\"attachment-thumbnail size-thumbnail wp-post-image\" alt=\"\" style=\"\" \/><\/div><a class=\"wp-block-latest-posts__post-title\" href=\"https:\/\/www.missionfrance.fr\/SITEMISSION\/4047-2\/\">Pr\u00e9dications vid\u00e9o<\/a><time datetime=\"2021-06-01T18:17:37+00:00\" class=\"wp-block-latest-posts__post-date\">1 juin 2021<\/time><div class=\"wp-block-latest-posts__post-excerpt\">FORCER LA MAIN DE DIEU ET CONJURER SES PROPRES PEURS ? Dans cette nouvelle vid\u00e9o, nous nous retrouvons avec le pasteur Jean-Marc Bargy qui s&rsquo;exprime sur le fait de laisser Christ prendre la place qui lui est due dans l&rsquo;Eglise.<\/div><\/li>\n<li><div class=\"wp-block-latest-posts__featured-image alignleft\"><img loading=\"lazy\" decoding=\"async\" width=\"150\" height=\"150\" src=\"https:\/\/www.missionfrance.fr\/SITEMISSION\/wp-content\/uploads\/2021\/06\/08-2016-Clermont-Ferrant-JM19-copie-150x150.jpg\" class=\"attachment-thumbnail size-thumbnail wp-post-image\" alt=\"\" style=\"\" \/><\/div><a class=\"wp-block-latest-posts__post-title\" href=\"https:\/\/www.missionfrance.fr\/SITEMISSION\/predications-video-16\/\">Pr\u00e9dications vid\u00e9o<\/a><time datetime=\"2021-06-01T18:09:38+00:00\" class=\"wp-block-latest-posts__post-date\">1 juin 2021<\/time><div class=\"wp-block-latest-posts__post-excerpt\">L&rsquo;INVARIABLE ET LE VARIABLE (pr\u00e9dication du 13-09-2020) : Dans cette nouvelle vid\u00e9o, retrouvez le pasteur Jean-Marc Bargy, durant cette pr\u00e9dication datant du 13 septembre 2020, qui s&rsquo;exprime sur l&rsquo;aspect variable et invariable.<\/div><\/li>\n<\/ul><\/div>\n<\/div>\n\n\n\n<div class=\"wp-block-group\"><div class=\"wp-block-group__inner-container is-layout-flow wp-block-group-is-layout-flow\">\n<div class=\"wp-block-media-text alignwide is-stacked-on-mobile\" style=\"grid-template-columns:20% auto\"><figure class=\"wp-block-media-text__media\"><img loading=\"lazy\" decoding=\"async\" width=\"2560\" height=\"1707\" src=\"https:\/\/www.missionfrance.fr\/SITEMISSION\/wp-content\/uploads\/2021\/01\/L1090764-scaled.jpeg\" alt=\"\" class=\"wp-image-3631 size-full\" srcset=\"https:\/\/www.missionfrance.fr\/SITEMISSION\/wp-content\/uploads\/2021\/01\/L1090764-scaled.jpeg 2560w, https:\/\/www.missionfrance.fr\/SITEMISSION\/wp-content\/uploads\/2021\/01\/L1090764-768x512.jpeg 768w, https:\/\/www.missionfrance.fr\/SITEMISSION\/wp-content\/uploads\/2021\/01\/L1090764-1536x1024.jpeg 1536w, https:\/\/www.missionfrance.fr\/SITEMISSION\/wp-content\/uploads\/2021\/01\/L1090764-2048x1365.jpeg 2048w, https:\/\/www.missionfrance.fr\/SITEMISSION\/wp-content\/uploads\/2021\/01\/L1090764-272x182.jpeg 272w\" sizes=\"auto, (max-width: 2560px) 100vw, 2560px\" \/><\/figure><div class=\"wp-block-media-text__content\">\n<p><strong>Proverbes 18:21&nbsp;<\/strong><\/p>\n\n\n\n<p>Les paroles peuvent \u00eatre source de vie ou de mort. Qui aime parler doit en accepter les cons\u00e9quences.&nbsp;<\/p>\n<\/div><\/div>\n<\/div><\/div>\n\n\n\n<div class=\"wp-block-group alignwide\"><div class=\"wp-block-group__inner-container is-layout-flow wp-block-group-is-layout-flow\">\n<div class=\"wp-block-media-text alignwide has-media-on-the-right has-text-color has-background\" style=\"color:#798a98;background-color:#f1f2f3;grid-template-columns:auto 43%\"><div class=\"wp-block-media-text__content\">\n<p class=\"has-text-align-center has-large-font-size\">Nous vous offrons <br>La Bible<\/p>\n\n\n\n<div class=\"wp-block-buttons is-horizontal is-content-justification-center is-layout-flex wp-container-core-buttons-is-layout-499968f5 wp-block-buttons-is-layout-flex\">\n<div class=\"wp-block-button is-style-fill\"><a class=\"wp-block-button__link has-white-color has-text-color has-background wp-element-button\" href=\"https:\/\/www.missionfrance.fr\/SITEMISSION\/contact\/\" style=\"background-color:#447fa5\"><strong>Je veux ma Bible<\/strong><\/a><\/div>\n<\/div>\n<\/div><figure class=\"wp-block-media-text__media\"><img loading=\"lazy\" decoding=\"async\" width=\"626\" height=\"417\" src=\"https:\/\/www.missionfrance.fr\/SITEMISSION\/wp-content\/uploads\/2021\/01\/main-bible-ouverte-rayons-lumiere-fond-bleu_150893-443.jpeg\" alt=\"\" class=\"wp-image-3360 size-full\" srcset=\"https:\/\/www.missionfrance.fr\/SITEMISSION\/wp-content\/uploads\/2021\/01\/main-bible-ouverte-rayons-lumiere-fond-bleu_150893-443.jpeg 626w, https:\/\/www.missionfrance.fr\/SITEMISSION\/wp-content\/uploads\/2021\/01\/main-bible-ouverte-rayons-lumiere-fond-bleu_150893-443-272x182.jpeg 272w\" sizes=\"auto, (max-width: 626px) 100vw, 626px\" \/><\/figure><\/div>\n<\/div><\/div>\n\n\n\n<div class=\"wp-block-columns is-layout-flex wp-container-core-columns-is-layout-9d6595d7 wp-block-columns-is-layout-flex\">\n<div class=\"wp-block-column is-layout-flow wp-block-column-is-layout-flow\" style=\"flex-basis:50%\">\n<h2 class=\"wp-block-heading has-text-align-center\" style=\"font-size:35px\">Nos actions<\/h2>\n\n\n\n<p class=\"has-text-align-center\">MISSION est une \u00e9glise \u00e9vang\u00e9lique de Bugeat, avec proclamation et diffusion de l\u2019\u00e9vangile par tous moyens, r\u00e9unions de pri\u00e8res, d\u2019intercession, de soutien spirituel. MISSION est \u00e9galement une association d\u2019aide et de soutien \u00e0 toute personne en difficult\u00e9.<\/p>\n<\/div>\n\n\n\n<div class=\"wp-block-column is-layout-flow wp-block-column-is-layout-flow\" style=\"flex-basis:54%\">\n<h2 class=\"wp-block-heading has-text-align-center\" style=\"font-size:35px\">Notre Mission<\/h2>\n\n\n\n<p class=\"has-text-align-center\">Le couple pastoral Jean-Marc et Dani\u00e8le BARGY a re\u00e7u de la part de Dieu, en 2002, l\u2019appel suivant : \u00ab maintenant, je vous envoie lib\u00e9rer les captifs, soulager les opprim\u00e9s et gu\u00e9rir les malades \u00bb.<\/p>\n<\/div>\n<\/div>\n\n\n\n<div class=\"wp-block-columns is-layout-flex wp-container-core-columns-is-layout-9d6595d7 wp-block-columns-is-layout-flex\">\n<div class=\"wp-block-column is-layout-flow wp-block-column-is-layout-flow\"><\/div>\n<\/div>\n\n\n\n<p><\/p>\n","protected":false},"excerpt":{"rendered":"<p>Proverbes 18:21&nbsp; Les paroles peuvent \u00eatre source de vie ou de mort. Qui aime parler doit en accepter les cons\u00e9quences.&nbsp; Nous vous offrons La Bible Nos actions MISSION est une \u00e9glise \u00e9vang\u00e9lique de Bugeat, avec proclamation et diffusion de l\u2019\u00e9vangile par tous moyens, r\u00e9unions de pri\u00e8res, d\u2019intercession, de soutien spirituel. MISSION est \u00e9galement une association [&hellip;]<\/p>\n","protected":false},"author":1,"featured_media":3633,"parent":0,"menu_order":0,"comment_status":"closed","ping_status":"closed","template":"home-panels.php","meta":{"footnotes":""},"class_list":["post-1170","page","type-page","status-publish","has-post-thumbnail","hentry","post","post-with-thumbnail","post-with-thumbnail-large"],"_links":{"self":[{"href":"https:\/\/www.missionfrance.fr\/SITEMISSION\/wp-json\/wp\/v2\/pages\/1170","targetHints":{"allow":["GET"]}}],"collection":[{"href":"https:\/\/www.missionfrance.fr\/SITEMISSION\/wp-json\/wp\/v2\/pages"}],"about":[{"href":"https:\/\/www.missionfrance.fr\/SITEMISSION\/wp-json\/wp\/v2\/types\/page"}],"author":[{"embeddable":true,"href":"https:\/\/www.missionfrance.fr\/SITEMISSION\/wp-json\/wp\/v2\/users\/1"}],"replies":[{"embeddable":true,"href":"https:\/\/www.missionfrance.fr\/SITEMISSION\/wp-json\/wp\/v2\/comments?post=1170"}],"version-history":[{"count":168,"href":"https:\/\/www.missionfrance.fr\/SITEMISSION\/wp-json\/wp\/v2\/pages\/1170\/revisions"}],"predecessor-version":[{"id":4115,"href":"https:\/\/www.missionfrance.fr\/SITEMISSION\/wp-json\/wp\/v2\/pages\/1170\/revisions\/4115"}],"wp:featuredmedia":[{"embeddable":true,"href":"https:\/\/www.missionfrance.fr\/SITEMISSION\/wp-json\/wp\/v2\/media\/3633"}],"wp:attachment":[{"href":"https:\/\/www.missionfrance.fr\/SITEMISSION\/wp-json\/wp\/v2\/media?parent=1170"}],"curies":[{"name":"wp","href":"https:\/\/api.w.org\/{rel}","templated":true}]}}