{"id":103,"date":"2015-02-11T16:49:45","date_gmt":"2015-02-11T16:49:45","guid":{"rendered":"http:\/\/www.missionfrance.fr\/SITEMISSION\/?page_id=103"},"modified":"2021-06-01T22:44:03","modified_gmt":"2021-06-01T22:44:03","slug":"temoignages","status":"publish","type":"page","link":"https:\/\/www.missionfrance.fr\/SITEMISSION\/temoignages\/","title":{"rendered":"T\u00e9moignages"},"content":{"rendered":"\n<h3 class=\"wp-block-heading\"><a href=\"https:\/\/www.missionfrance.fr\/SITEMISSION\/tiffany\/\">Tyffani<\/a><\/h3>\n\n\n\n<p><span class=\"has-inline-color has-luminous-vivid-orange-color\">MON TEMOIGNAGE BAPTEME<\/span><\/p>\n\n\n\n<p>J\u2019ai rencontr\u00e9 Dieu la premi\u00e8re fois au travers d\u2019un songe lorsque j\u2019avais 6 \/7 ans. Mes nuits \u00e9taient tourment\u00e9es par de nombreux cauchemars.<\/p>\n\n\n\n<p>J\u2019avais entendu dire qu\u2019il me fallait prier Dieu pour lui demander qu\u2019il les chasse, c\u2019est donc ce que j\u2019ai fait. La nuit suivante, j\u2019ai song\u00e9 \u00e0 lui. Ce r\u00eave me rappelle aujourd\u2019hui que Dieu est pr\u00e9sent dans ma vie depuis mon enfance.<br><\/p>\n\n\n\n<h3 class=\"wp-block-heading\"><a href=\"https:\/\/www.missionfrance.fr\/SITEMISSION\/beatrice\/\">B\u00e9atrice<\/a><\/h3>\n\n\n\n<p><span class=\"has-inline-color has-luminous-vivid-orange-color\">MON TEMOIGNAGE BAPTEME<\/span><\/p>\n\n\n\n<p>Je suis n\u00e9e dans une famille catholique, nous allions \u00e0 l\u2019\u00e9glise de temps en temps, mais sans conviction simplement pour le para\u00eetre. A la maison, c\u2019\u00e9tait plut\u00f4t le tumulte et les disputes. J\u2019ai commenc\u00e9 tr\u00e8s jeune \u00e0 prier Dieu pour que cette situation change pour que mes parents cessent de se disputer.<br>Je remarquais que cela changeait, mais je ne faisais pas la relation avec mes pri\u00e8res. J\u2019\u00e9tais encore un peu jeune pour comprendre.<\/p>\n","protected":false},"excerpt":{"rendered":"<p>Tyffani MON TEMOIGNAGE BAPTEME J\u2019ai rencontr\u00e9 Dieu la premi\u00e8re fois au travers d\u2019un songe lorsque j\u2019avais 6 \/7 ans. Mes nuits \u00e9taient tourment\u00e9es par de nombreux cauchemars. J\u2019avais entendu dire qu\u2019il me fallait prier Dieu pour lui demander qu\u2019il les chasse, c\u2019est donc ce que j\u2019ai fait. La nuit suivante, j\u2019ai song\u00e9 \u00e0 lui. Ce [&hellip;]<\/p>\n","protected":false},"author":1,"featured_media":0,"parent":0,"menu_order":0,"comment_status":"closed","ping_status":"open","template":"","meta":{"footnotes":""},"class_list":["post-103","page","type-page","status-publish","hentry","post"],"_links":{"self":[{"href":"https:\/\/www.missionfrance.fr\/SITEMISSION\/wp-json\/wp\/v2\/pages\/103","targetHints":{"allow":["GET"]}}],"collection":[{"href":"https:\/\/www.missionfrance.fr\/SITEMISSION\/wp-json\/wp\/v2\/pages"}],"about":[{"href":"https:\/\/www.missionfrance.fr\/SITEMISSION\/wp-json\/wp\/v2\/types\/page"}],"author":[{"embeddable":true,"href":"https:\/\/www.missionfrance.fr\/SITEMISSION\/wp-json\/wp\/v2\/users\/1"}],"replies":[{"embeddable":true,"href":"https:\/\/www.missionfrance.fr\/SITEMISSION\/wp-json\/wp\/v2\/comments?post=103"}],"version-history":[{"count":4,"href":"https:\/\/www.missionfrance.fr\/SITEMISSION\/wp-json\/wp\/v2\/pages\/103\/revisions"}],"predecessor-version":[{"id":4056,"href":"https:\/\/www.missionfrance.fr\/SITEMISSION\/wp-json\/wp\/v2\/pages\/103\/revisions\/4056"}],"wp:attachment":[{"href":"https:\/\/www.missionfrance.fr\/SITEMISSION\/wp-json\/wp\/v2\/media?parent=103"}],"curies":[{"name":"wp","href":"https:\/\/api.w.org\/{rel}","templated":true}]}}